{"id":15303,"date":"2021-10-01T16:11:10","date_gmt":"2021-10-01T16:11:10","guid":{"rendered":"https:\/\/impulzusmusic.com\/korushangkepzes-mesterkurzus-2021-szeptember-25-26\/"},"modified":"2023-12-28T09:48:42","modified_gmt":"2023-12-28T09:48:42","slug":"korushangkepzes-mesterkurzus-2021-szeptember-25-26","status":"publish","type":"page","link":"https:\/\/impulzusmusic.com\/en\/korushangkepzes-mesterkurzus-2021-szeptember-25-26\/","title":{"rendered":"Choral Vocal Training Masterclass &#8211; 2021. 09. 25-26."},"content":{"rendered":"<p>[et_pb_section fb_built=&#8221;1&#8243; _builder_version=&#8221;4.18.0&#8243; _module_preset=&#8221;default&#8221; use_background_color_gradient=&#8221;on&#8221; background_color_gradient_direction=&#8221;125deg&#8221; background_color_gradient_stops=&#8221;#fe4c3f 0%|#aa2a2a 100%&#8221; background_image=&#8221;https:\/\/impulzusmusic.com\/wp-content\/uploads\/2023\/01\/DSC_9310_ff.jpg&#8221; background_blend=&#8221;soft-light&#8221; custom_padding=&#8221;29px||97px|||&#8221; bottom_divider_style=&#8221;slant&#8221; bottom_divider_color=&#8221;#FFFFFF&#8221; bottom_divider_height=&#8221;170px&#8221; bottom_divider_flip=&#8221;horizontal&#8221; locked=&#8221;off&#8221; global_colors_info=&#8221;{}&#8221;][et_pb_row _builder_version=&#8221;4.18.0&#8243; _module_preset=&#8221;default&#8221; global_colors_info=&#8221;{}&#8221;][et_pb_column type=&#8221;4_4&#8243; _builder_version=&#8221;4.18.0&#8243; _module_preset=&#8221;default&#8221; global_colors_info=&#8221;{}&#8221;][et_pb_text _builder_version=&#8221;4.18.0&#8243; _module_preset=&#8221;8ed811de-e223-4112-afc9-595a47f25eb1&#8243; text_font_size=&#8221;15.6px&#8221; header_font_size=&#8221;31px&#8221; header_4_font_size=&#8221;22px&#8221; hover_enabled=&#8221;0&#8243; global_colors_info=&#8221;{}&#8221; sticky_enabled=&#8221;0&#8243;]<\/p>\n<h1 class=\"special-heading-title\" style=\"text-align: center;\"><span style=\"color: #ffffff;\">Choral Vocal Training Masterclass<\/span><\/h1>\n<h4 class=\"special-heading-subtitle\" style=\"text-align: center;\"><span style=\"color: #ffffff;\">25-26 September 2021<\/span><\/h4>\n<p>[\/et_pb_text][\/et_pb_column][\/et_pb_row][\/et_pb_section][et_pb_section fb_built=&#8221;1&#8243; _builder_version=&#8221;4.18.0&#8243; _module_preset=&#8221;default&#8221; custom_padding=&#8221;60px|||||&#8221; global_colors_info=&#8221;{}&#8221;][et_pb_row use_custom_gutter=&#8221;on&#8221; gutter_width=&#8221;1&#8243; _builder_version=&#8221;4.18.0&#8243; _module_preset=&#8221;default&#8221; custom_padding=&#8221;9px|||||&#8221; global_colors_info=&#8221;{}&#8221;][et_pb_column type=&#8221;4_4&#8243; _builder_version=&#8221;4.18.0&#8243; _module_preset=&#8221;default&#8221; global_colors_info=&#8221;{}&#8221;][et_pb_gallery gallery_ids=&#8221;9282,9299,9295,9301,9297,9303,9293,9307,9291,9305,9311,9280&#8243; posts_number=&#8221;30&#8243; show_title_and_caption=&#8221;off&#8221; show_pagination=&#8221;off&#8221; zoom_icon_color=&#8221;#FFFFFF&#8221; hover_overlay_color=&#8221;rgba(254,76,63,0.3)&#8221; hover_icon=&#8221;&#x54;||divi||400&#8243; _builder_version=&#8221;4.18.0&#8243; _module_preset=&#8221;default&#8221; custom_margin=&#8221;||||false|false&#8221; custom_padding=&#8221;||||false|false&#8221; border_radii=&#8221;on|5px|5px|5px|5px&#8221; border_width_all=&#8221;2px&#8221; border_color_all=&#8221;#FFFFFF&#8221; global_colors_info=&#8221;{}&#8221;][\/et_pb_gallery][\/et_pb_column][\/et_pb_row][et_pb_row _builder_version=&#8221;4.18.0&#8243; _module_preset=&#8221;default&#8221; locked=&#8221;off&#8221; global_colors_info=&#8221;{}&#8221;][et_pb_column type=&#8221;4_4&#8243; _builder_version=&#8221;4.18.0&#8243; _module_preset=&#8221;default&#8221; global_colors_info=&#8221;{}&#8221;][et_pb_text _builder_version=&#8221;4.18.0&#8243; _module_preset=&#8221;default&#8221; hover_enabled=&#8221;0&#8243; global_colors_info=&#8221;{}&#8221; sticky_enabled=&#8221;0&#8243;]Photos: Edit P\u00e1link\u00e1s \/ <span style=\"color: #ff0000;\"><a href=\"https:\/\/divisart.hu\" target=\"_blank\" rel=\"noopener\" style=\"color: #fe4c3f;\">Divisart<\/a><\/span>[\/et_pb_text][\/et_pb_column][\/et_pb_row][et_pb_row _builder_version=&#8221;4.18.0&#8243; _module_preset=&#8221;default&#8221; global_colors_info=&#8221;{}&#8221;][et_pb_column type=&#8221;4_4&#8243; _builder_version=&#8221;4.18.0&#8243; _module_preset=&#8221;default&#8221; global_colors_info=&#8221;{}&#8221;][et_pb_text _builder_version=&#8221;4.18.0&#8243; _module_preset=&#8221;default&#8221; hover_enabled=&#8221;0&#8243; global_colors_info=&#8221;{}&#8221; sticky_enabled=&#8221;0&#8243;]<\/p>\n<p>ImPulzus Choir Vocal Training Mastercourse was supported by the National Cultural Fund of Hungary.<\/p>\n<p>[\/et_pb_text][et_pb_image src=&#8221;https:\/\/impulzusmusic.com\/wp-content\/uploads\/2019\/01\/NKA_logo_2012-01.png&#8221; title_text=&#8221;NKA_logo_2012-01&#8243; _builder_version=&#8221;4.18.0&#8243; _module_preset=&#8221;default&#8221; width=&#8221;300px&#8221; custom_margin=&#8221;-18px|||-36px|false|false&#8221; global_colors_info=&#8221;{}&#8221;][\/et_pb_image][\/et_pb_column][\/et_pb_row][\/et_pb_section]<\/p>\n","protected":false},"excerpt":{"rendered":"<p>Choral Vocal Training Masterclass 25-26 September 2021Photos: Edit P\u00e1link\u00e1s \/ DivisartImPulzus Choir Vocal Training Mastercourse was supported by the National Cultural Fund of Hungary.<\/p>\n","protected":false},"author":1,"featured_media":0,"parent":0,"menu_order":0,"comment_status":"closed","ping_status":"closed","template":"","meta":{"_et_pb_use_builder":"on","_et_pb_old_content":"<p>[vc_row css=\".vc_custom_1541345971827{padding-bottom: 30px !important;}\"][vc_column][special_heading title=\"K\u00f3rushangk\u00e9pz\u00e9s Mesterkurzus - 2021. szeptember 25-26.\" subtitle=\"\"][\/vc_column][\/vc_row][vc_row css=\".vc_custom_1541346171604{padding-bottom: 50px !important;}\"][vc_column][vntd_image_grid images=\"9288,9299,9311,9291,9305,9309,9307,9301,9297,9295,9293,9303\" gap=\"3px\"][\/vc_column][\/vc_row][vc_row css=\".vc_custom_1550249922229{padding-bottom: 30px !important;}\"][vc_column][vc_column_text]Az ImPulzus K\u00f3rushangk\u00e9pz\u00e9s Mesterkurzus\u00e1t a Nemzeti Kultur\u00e1lis Alap t\u00e1mogatta.<\/p>\r\n<p><img class=\"alignnone wp-image-3300 size-full\" src=\"https:\/\/impulzusmusic.com\/wp-content\/uploads\/2019\/04\/NKA_logo_2012_RGB_kicsi.jpg\" alt=\"\" width=\"250\" height=\"94\" \/>[\/vc_column_text][\/vc_column][\/vc_row]<\/p>\r\n","_et_gb_content_width":"","inline_featured_image":false,"footnotes":""},"class_list":["post-15303","page","type-page","status-publish","hentry"],"yoast_head":"<!-- This site is optimized with the Yoast SEO Premium plugin v27.3 (Yoast SEO v27.3) - https:\/\/yoast.com\/product\/yoast-seo-premium-wordpress\/ -->\n<title>Choral Vocal Training Masterclass - 2021. 09. 25-26. - ImPulzus<\/title>\n<meta name=\"robots\" content=\"index, follow, max-snippet:-1, max-image-preview:large, max-video-preview:-1\" \/>\n<link rel=\"canonical\" href=\"https:\/\/impulzusmusic.com\/en\/korushangkepzes-mesterkurzus-2021-szeptember-25-26\/\" \/>\n<meta property=\"og:locale\" content=\"en_US\" \/>\n<meta property=\"og:type\" content=\"article\" \/>\n<meta property=\"og:title\" content=\"Choral Vocal Training Masterclass - 2021. 09. 25-26.\" \/>\n<meta property=\"og:url\" content=\"https:\/\/impulzusmusic.com\/en\/korushangkepzes-mesterkurzus-2021-szeptember-25-26\/\" \/>\n<meta property=\"og:site_name\" content=\"ImPulzus\" \/>\n<meta property=\"article:publisher\" content=\"https:\/\/www.facebook.com\/impulzusmusic\" \/>\n<meta property=\"article:modified_time\" content=\"2023-12-28T09:48:42+00:00\" \/>\n<meta property=\"og:image\" content=\"https:\/\/impulzusmusic.com\/wp-content\/uploads\/2020\/02\/DSC_3831retu_kicsi.jpg\" \/>\n\t<meta property=\"og:image:width\" content=\"1500\" \/>\n\t<meta property=\"og:image:height\" content=\"1000\" \/>\n\t<meta property=\"og:image:type\" content=\"image\/jpeg\" \/>\n<meta name=\"twitter:card\" content=\"summary_large_image\" \/>\n<meta name=\"twitter:label1\" content=\"Est. reading time\" \/>\n\t<meta name=\"twitter:data1\" content=\"1 minute\" \/>\n<script type=\"application\/ld+json\" class=\"yoast-schema-graph\">{\"@context\":\"https:\\\/\\\/schema.org\",\"@graph\":[{\"@type\":\"WebPage\",\"@id\":\"https:\\\/\\\/impulzusmusic.com\\\/en\\\/korushangkepzes-mesterkurzus-2021-szeptember-25-26\\\/\",\"url\":\"https:\\\/\\\/impulzusmusic.com\\\/en\\\/korushangkepzes-mesterkurzus-2021-szeptember-25-26\\\/\",\"name\":\"Choral Vocal Training Masterclass - 2021. 09. 25-26. - ImPulzus\",\"isPartOf\":{\"@id\":\"https:\\\/\\\/impulzusmusic.com\\\/en\\\/#website\"},\"datePublished\":\"2021-10-01T16:11:10+00:00\",\"dateModified\":\"2023-12-28T09:48:42+00:00\",\"breadcrumb\":{\"@id\":\"https:\\\/\\\/impulzusmusic.com\\\/en\\\/korushangkepzes-mesterkurzus-2021-szeptember-25-26\\\/#breadcrumb\"},\"inLanguage\":\"en-US\",\"potentialAction\":[{\"@type\":\"ReadAction\",\"target\":[\"https:\\\/\\\/impulzusmusic.com\\\/en\\\/korushangkepzes-mesterkurzus-2021-szeptember-25-26\\\/\"]}]},{\"@type\":\"BreadcrumbList\",\"@id\":\"https:\\\/\\\/impulzusmusic.com\\\/en\\\/korushangkepzes-mesterkurzus-2021-szeptember-25-26\\\/#breadcrumb\",\"itemListElement\":[{\"@type\":\"ListItem\",\"position\":1,\"name\":\"Home\",\"item\":\"https:\\\/\\\/impulzusmusic.com\\\/en\\\/\"},{\"@type\":\"ListItem\",\"position\":2,\"name\":\"Choral Vocal Training Masterclass &#8211; 2021. 09. 25-26.\"}]},{\"@type\":\"WebSite\",\"@id\":\"https:\\\/\\\/impulzusmusic.com\\\/en\\\/#website\",\"url\":\"https:\\\/\\\/impulzusmusic.com\\\/en\\\/\",\"name\":\"ImPulzus\",\"description\":\"Kreat\u00edv Zenei M\u0171hely\",\"publisher\":{\"@id\":\"https:\\\/\\\/impulzusmusic.com\\\/en\\\/#organization\"},\"potentialAction\":[{\"@type\":\"SearchAction\",\"target\":{\"@type\":\"EntryPoint\",\"urlTemplate\":\"https:\\\/\\\/impulzusmusic.com\\\/en\\\/?s={search_term_string}\"},\"query-input\":{\"@type\":\"PropertyValueSpecification\",\"valueRequired\":true,\"valueName\":\"search_term_string\"}}],\"inLanguage\":\"en-US\"},{\"@type\":\"Organization\",\"@id\":\"https:\\\/\\\/impulzusmusic.com\\\/en\\\/#organization\",\"name\":\"ImPulzus Kreat\u00edv Zenei M\u0171hely\",\"url\":\"https:\\\/\\\/impulzusmusic.com\\\/en\\\/\",\"logo\":{\"@type\":\"ImageObject\",\"inLanguage\":\"en-US\",\"@id\":\"https:\\\/\\\/impulzusmusic.com\\\/en\\\/#\\\/schema\\\/logo\\\/image\\\/\",\"url\":\"https:\\\/\\\/impulzusmusic.com\\\/wp-content\\\/uploads\\\/2018\\\/08\\\/logo_uj.png\",\"contentUrl\":\"https:\\\/\\\/impulzusmusic.com\\\/wp-content\\\/uploads\\\/2018\\\/08\\\/logo_uj.png\",\"width\":2316,\"height\":824,\"caption\":\"ImPulzus Kreat\u00edv Zenei M\u0171hely\"},\"image\":{\"@id\":\"https:\\\/\\\/impulzusmusic.com\\\/en\\\/#\\\/schema\\\/logo\\\/image\\\/\"},\"sameAs\":[\"https:\\\/\\\/www.facebook.com\\\/impulzusmusic\",\"https:\\\/\\\/www.instagram.com\\\/impulzusmusic\\\/\",\"https:\\\/\\\/www.linkedin.com\\\/company\\\/impulzusmusic\\\/\"]}]}<\/script>\n<!-- \/ Yoast SEO Premium plugin. -->","yoast_head_json":{"title":"Choral Vocal Training Masterclass - 2021. 09. 25-26. - ImPulzus","robots":{"index":"index","follow":"follow","max-snippet":"max-snippet:-1","max-image-preview":"max-image-preview:large","max-video-preview":"max-video-preview:-1"},"canonical":"https:\/\/impulzusmusic.com\/en\/korushangkepzes-mesterkurzus-2021-szeptember-25-26\/","og_locale":"en_US","og_type":"article","og_title":"Choral Vocal Training Masterclass - 2021. 09. 25-26.","og_url":"https:\/\/impulzusmusic.com\/en\/korushangkepzes-mesterkurzus-2021-szeptember-25-26\/","og_site_name":"ImPulzus","article_publisher":"https:\/\/www.facebook.com\/impulzusmusic","article_modified_time":"2023-12-28T09:48:42+00:00","og_image":[{"width":1500,"height":1000,"url":"https:\/\/impulzusmusic.com\/wp-content\/uploads\/2020\/02\/DSC_3831retu_kicsi.jpg","type":"image\/jpeg"}],"twitter_card":"summary_large_image","twitter_misc":{"Est. reading time":"1 minute"},"schema":{"@context":"https:\/\/schema.org","@graph":[{"@type":"WebPage","@id":"https:\/\/impulzusmusic.com\/en\/korushangkepzes-mesterkurzus-2021-szeptember-25-26\/","url":"https:\/\/impulzusmusic.com\/en\/korushangkepzes-mesterkurzus-2021-szeptember-25-26\/","name":"Choral Vocal Training Masterclass - 2021. 09. 25-26. - ImPulzus","isPartOf":{"@id":"https:\/\/impulzusmusic.com\/en\/#website"},"datePublished":"2021-10-01T16:11:10+00:00","dateModified":"2023-12-28T09:48:42+00:00","breadcrumb":{"@id":"https:\/\/impulzusmusic.com\/en\/korushangkepzes-mesterkurzus-2021-szeptember-25-26\/#breadcrumb"},"inLanguage":"en-US","potentialAction":[{"@type":"ReadAction","target":["https:\/\/impulzusmusic.com\/en\/korushangkepzes-mesterkurzus-2021-szeptember-25-26\/"]}]},{"@type":"BreadcrumbList","@id":"https:\/\/impulzusmusic.com\/en\/korushangkepzes-mesterkurzus-2021-szeptember-25-26\/#breadcrumb","itemListElement":[{"@type":"ListItem","position":1,"name":"Home","item":"https:\/\/impulzusmusic.com\/en\/"},{"@type":"ListItem","position":2,"name":"Choral Vocal Training Masterclass &#8211; 2021. 09. 25-26."}]},{"@type":"WebSite","@id":"https:\/\/impulzusmusic.com\/en\/#website","url":"https:\/\/impulzusmusic.com\/en\/","name":"ImPulzus","description":"Kreat\u00edv Zenei M\u0171hely","publisher":{"@id":"https:\/\/impulzusmusic.com\/en\/#organization"},"potentialAction":[{"@type":"SearchAction","target":{"@type":"EntryPoint","urlTemplate":"https:\/\/impulzusmusic.com\/en\/?s={search_term_string}"},"query-input":{"@type":"PropertyValueSpecification","valueRequired":true,"valueName":"search_term_string"}}],"inLanguage":"en-US"},{"@type":"Organization","@id":"https:\/\/impulzusmusic.com\/en\/#organization","name":"ImPulzus Kreat\u00edv Zenei M\u0171hely","url":"https:\/\/impulzusmusic.com\/en\/","logo":{"@type":"ImageObject","inLanguage":"en-US","@id":"https:\/\/impulzusmusic.com\/en\/#\/schema\/logo\/image\/","url":"https:\/\/impulzusmusic.com\/wp-content\/uploads\/2018\/08\/logo_uj.png","contentUrl":"https:\/\/impulzusmusic.com\/wp-content\/uploads\/2018\/08\/logo_uj.png","width":2316,"height":824,"caption":"ImPulzus Kreat\u00edv Zenei M\u0171hely"},"image":{"@id":"https:\/\/impulzusmusic.com\/en\/#\/schema\/logo\/image\/"},"sameAs":["https:\/\/www.facebook.com\/impulzusmusic","https:\/\/www.instagram.com\/impulzusmusic\/","https:\/\/www.linkedin.com\/company\/impulzusmusic\/"]}]}},"_links":{"self":[{"href":"https:\/\/impulzusmusic.com\/en\/wp-json\/wp\/v2\/pages\/15303","targetHints":{"allow":["GET"]}}],"collection":[{"href":"https:\/\/impulzusmusic.com\/en\/wp-json\/wp\/v2\/pages"}],"about":[{"href":"https:\/\/impulzusmusic.com\/en\/wp-json\/wp\/v2\/types\/page"}],"author":[{"embeddable":true,"href":"https:\/\/impulzusmusic.com\/en\/wp-json\/wp\/v2\/users\/1"}],"replies":[{"embeddable":true,"href":"https:\/\/impulzusmusic.com\/en\/wp-json\/wp\/v2\/comments?post=15303"}],"version-history":[{"count":0,"href":"https:\/\/impulzusmusic.com\/en\/wp-json\/wp\/v2\/pages\/15303\/revisions"}],"wp:attachment":[{"href":"https:\/\/impulzusmusic.com\/en\/wp-json\/wp\/v2\/media?parent=15303"}],"curies":[{"name":"wp","href":"https:\/\/api.w.org\/{rel}","templated":true}]}}