{"id":2875,"date":"2017-04-21T15:41:42","date_gmt":"2017-04-21T15:41:42","guid":{"rendered":"https:\/\/impulzusmusic.com\/kapcsolat\/"},"modified":"2025-06-13T09:23:47","modified_gmt":"2025-06-13T09:23:47","slug":"contact","status":"publish","type":"page","link":"https:\/\/impulzusmusic.com\/en\/contact\/","title":{"rendered":"Contact"},"content":{"rendered":"<p>[et_pb_section fb_built=&#8221;1&#8243; _builder_version=&#8221;4.18.0&#8243; _module_preset=&#8221;default&#8221; use_background_color_gradient=&#8221;on&#8221; background_color_gradient_direction=&#8221;125deg&#8221; background_color_gradient_stops=&#8221;#fe4c3f 0%|#111111 95%&#8221; background_image=&#8221;https:\/\/impulzusmusic.com\/wp-content\/uploads\/2023\/01\/DSC_9303_ff.jpg&#8221; background_blend=&#8221;soft-light&#8221; custom_padding=&#8221;108px||200px|||&#8221; bottom_divider_style=&#8221;slant&#8221; bottom_divider_color=&#8221;#FFFFFF&#8221; bottom_divider_height=&#8221;170px&#8221; bottom_divider_flip=&#8221;horizontal&#8221; locked=&#8221;off&#8221; global_colors_info=&#8221;{}&#8221;][et_pb_row _builder_version=&#8221;4.18.0&#8243; _module_preset=&#8221;default&#8221; global_colors_info=&#8221;{}&#8221;][et_pb_column type=&#8221;4_4&#8243; _builder_version=&#8221;4.18.0&#8243; _module_preset=&#8221;default&#8221; global_colors_info=&#8221;{}&#8221;][et_pb_text _builder_version=&#8221;4.18.0&#8243; _module_preset=&#8221;7c2dadda-61ac-47e6-bb4a-49bd735628e2&#8243; text_font_size=&#8221;15.6px&#8221; global_colors_info=&#8221;{}&#8221;]<\/p>\n<h1 class=\"special-heading-title\" style=\"text-align: center;\"><span style=\"color: #ffffff;\">Contact<\/span><\/h1>\n<p>[\/et_pb_text][\/et_pb_column][\/et_pb_row][\/et_pb_section][et_pb_section fb_built=&#8221;1&#8243; admin_label=&#8221;section&#8221; _builder_version=&#8221;4.16&#8243; custom_padding=&#8221;||0px|||&#8221; locked=&#8221;off&#8221; global_colors_info=&#8221;{}&#8221;][et_pb_row column_structure=&#8221;1_2,1_2&#8243; _builder_version=&#8221;4.18.0&#8243; _module_preset=&#8221;default&#8221; global_colors_info=&#8221;{}&#8221;][et_pb_column type=&#8221;1_2&#8243; _builder_version=&#8221;4.18.0&#8243; _module_preset=&#8221;default&#8221; global_colors_info=&#8221;{}&#8221;][et_pb_text _builder_version=&#8221;4.18.0&#8243; _module_preset=&#8221;default&#8221; global_colors_info=&#8221;{}&#8221;]<\/p>\n<h2>Contact us<o:p><\/o:p><\/h2>\n<p>&nbsp;<\/p>\n<p>If you have any questions, contact us through one of the contact methods below.<o:p><\/o:p><\/p>\n<p>&nbsp;<\/p>\n<ul>\n<li><strong>Venue<\/strong><br \/><span>1054 Budapest, Szemere u. 19<\/span>\n<p>6. emelet\u00a0 (39-es cseng\u0151)<\/p>\n<\/li>\n<li><strong>Mail address<\/strong><br \/>1195 Budapest, J\u00f3zsef Attila utca 86. IV. em. 12.<\/li>\n<li><strong>Phone<\/strong><br \/>+36204980100<\/li>\n<li><strong>E-mail<\/strong><br \/>info@impulzusmusic.com<\/li>\n<li><strong>Website<\/strong><span style=\"color: #ff0000;\"><br \/><a href=\"https:\/\/impulzusmusic.com\/\" style=\"color: #fe4c3f;\">impulzusmusic.com<\/a><\/span><\/li>\n<\/ul>\n<p>[\/et_pb_text][\/et_pb_column][et_pb_column type=&#8221;1_2&#8243; _builder_version=&#8221;4.18.0&#8243; _module_preset=&#8221;default&#8221; global_colors_info=&#8221;{}&#8221;][et_pb_text _builder_version=&#8221;4.18.0&#8243; _module_preset=&#8221;default&#8221; global_colors_info=&#8221;{}&#8221;]<script type=\"text\/javascript\" src=\"https:\/\/form.jotform.com\/jsform\/240006109505342\"><\/script>[\/et_pb_text][\/et_pb_column][\/et_pb_row][\/et_pb_section][et_pb_section fb_built=&#8221;1&#8243; prev_background_color=&#8221;#ffffff&#8221; _builder_version=&#8221;4.18.0&#8243; _module_preset=&#8221;default&#8221; background_color=&#8221;#FE4C3F&#8221; custom_padding=&#8221;120px||0px|||&#8221; top_divider_style=&#8221;slant&#8221; top_divider_flip=&#8221;horizontal&#8221; locked=&#8221;off&#8221; global_colors_info=&#8221;{}&#8221;][et_pb_row _builder_version=&#8221;4.18.0&#8243; _module_preset=&#8221;default&#8221; global_colors_info=&#8221;{}&#8221;][et_pb_column type=&#8221;4_4&#8243; _builder_version=&#8221;4.18.0&#8243; _module_preset=&#8221;default&#8221; global_colors_info=&#8221;{}&#8221;][et_pb_slider _builder_version=&#8221;4.18.0&#8243; _module_preset=&#8221;default&#8221; custom_padding=&#8221;63px||70px|||&#8221; global_colors_info=&#8221;{}&#8221;][et_pb_slide _builder_version=&#8221;4.18.0&#8243; _module_preset=&#8221;default&#8221; background_color=&#8221;RGBA(255,255,255,0)&#8221; background_enable_color=&#8221;on&#8221; global_colors_info=&#8221;{}&#8221; sticky_transition=&#8221;on&#8221;]<\/p>\n<h3>The best motivation comes from within. We&#8217;ll help you find it!<\/h3>\n<p>[\/et_pb_slide][et_pb_slide _builder_version=&#8221;4.18.0&#8243; _module_preset=&#8221;default&#8221; header_level=&#8221;h3&#8243; header_font_size=&#8221;22px&#8221; header_line_height=&#8221;1.7em&#8221; background_color=&#8221;RGBA(255,255,255,0)&#8221; background_enable_color=&#8221;on&#8221; global_colors_info=&#8221;{}&#8221; sticky_transition=&#8221;on&#8221;]<\/p>\n<h3>We think it is the school&#8217;s job to encourage. Our desires are born from experience, and our knowledge from desire.<\/h3>\n<p>[\/et_pb_slide][et_pb_slide _builder_version=&#8221;4.18.0&#8243; _module_preset=&#8221;default&#8221; header_level=&#8221;h3&#8243; header_font_size=&#8221;22px&#8221; header_line_height=&#8221;1.7em&#8221; background_color=&#8221;RGBA(255,255,255,0)&#8221; background_enable_color=&#8221;on&#8221; global_colors_info=&#8221;{}&#8221; sticky_transition=&#8221;on&#8221;]<\/p>\n<h3><span style=\"font-weight: 400; line-height: 30px;\">Fundamental freedom rights, passage 12: Everyone has the right to sing!<\/span><\/h3>\n<p>[\/et_pb_slide][et_pb_slide _builder_version=&#8221;4.18.0&#8243; _module_preset=&#8221;default&#8221; header_level=&#8221;h3&#8243; header_font_size=&#8221;22px&#8221; header_line_height=&#8221;1.7em&#8221; background_color=&#8221;RGBA(255,255,255,0)&#8221; background_enable_color=&#8221;on&#8221; global_colors_info=&#8221;{}&#8221; sticky_transition=&#8221;on&#8221;]<\/p>\n<h3><span style=\"font-weight: 400; line-height: 30px;\">Some people take 10-15 years to realize that music is missing from their lives. And some people come to ImPulzus first.<\/span><\/h3>\n<p>[\/et_pb_slide][\/et_pb_slider][\/et_pb_column][\/et_pb_row][\/et_pb_section]<\/p>\n","protected":false},"excerpt":{"rendered":"<p>ContactContact us &nbsp; If you have any questions, contact us through one of the contact methods below. &nbsp; Venue1054 Budapest, Szemere u. 19 6. emelet\u00a0 (39-es cseng\u0151) Mail address1195 Budapest, J\u00f3zsef Attila utca 86. IV. em. 12. Phone+36204980100 E-mailinfo@impulzusmusic.com Websiteimpulzusmusic.com The best motivation comes from within. We&#8217;ll help you find it!We think it is the [&hellip;]<\/p>\n","protected":false},"author":1,"featured_media":0,"parent":0,"menu_order":0,"comment_status":"closed","ping_status":"closed","template":"","meta":{"_et_pb_use_builder":"on","_et_pb_old_content":"","_et_gb_content_width":"","inline_featured_image":false,"footnotes":""},"class_list":["post-2875","page","type-page","status-publish","hentry"],"yoast_head":"<!-- This site is optimized with the Yoast SEO Premium plugin v27.4 (Yoast SEO v27.4) - https:\/\/yoast.com\/product\/yoast-seo-premium-wordpress\/ -->\n<title>Contact - ImPulzus Kreat\u00edv Zenei M\u0171hely<\/title>\n<meta name=\"description\" content=\"Ha b\u00e1rmilyen k\u00e9rd\u00e9sed van, keress minket az al\u00e1bbi el\u00e9rhet\u0151s\u00e9gek egyik\u00e9n,vagy \u00edrj nek\u00fcnk itt, az oldalon!\" \/>\n<meta name=\"robots\" content=\"index, follow, max-snippet:-1, max-image-preview:large, max-video-preview:-1\" \/>\n<link rel=\"canonical\" href=\"https:\/\/impulzusmusic.com\/en\/contact\/\" \/>\n<meta property=\"og:locale\" content=\"en_US\" \/>\n<meta property=\"og:type\" content=\"article\" \/>\n<meta property=\"og:title\" content=\"Contact\" \/>\n<meta property=\"og:url\" content=\"https:\/\/impulzusmusic.com\/en\/contact\/\" \/>\n<meta property=\"og:site_name\" content=\"ImPulzus\" \/>\n<meta property=\"article:publisher\" content=\"https:\/\/www.facebook.com\/impulzusmusic\" \/>\n<meta property=\"article:modified_time\" content=\"2025-06-13T09:23:47+00:00\" \/>\n<meta property=\"og:image\" content=\"https:\/\/impulzusmusic.com\/wp-content\/uploads\/2020\/02\/DSC_3831retu_kicsi.jpg\" \/>\n<meta name=\"twitter:card\" content=\"summary_large_image\" \/>\n<meta name=\"twitter:label1\" content=\"Est. reading time\" \/>\n\t<meta name=\"twitter:data1\" content=\"1 minute\" \/>\n<script type=\"application\/ld+json\" class=\"yoast-schema-graph\">{\"@context\":\"https:\\\/\\\/schema.org\",\"@graph\":[{\"@type\":\"WebPage\",\"@id\":\"https:\\\/\\\/impulzusmusic.com\\\/en\\\/contact\\\/\",\"url\":\"https:\\\/\\\/impulzusmusic.com\\\/en\\\/contact\\\/\",\"name\":\"Contact - ImPulzus Kreat\u00edv Zenei M\u0171hely\",\"isPartOf\":{\"@id\":\"https:\\\/\\\/impulzusmusic.com\\\/en\\\/#website\"},\"datePublished\":\"2017-04-21T15:41:42+00:00\",\"dateModified\":\"2025-06-13T09:23:47+00:00\",\"description\":\"Ha b\u00e1rmilyen k\u00e9rd\u00e9sed van, keress minket az al\u00e1bbi el\u00e9rhet\u0151s\u00e9gek egyik\u00e9n,vagy \u00edrj nek\u00fcnk itt, az oldalon!\",\"breadcrumb\":{\"@id\":\"https:\\\/\\\/impulzusmusic.com\\\/en\\\/contact\\\/#breadcrumb\"},\"inLanguage\":\"en-US\",\"potentialAction\":[{\"@type\":\"ReadAction\",\"target\":[\"https:\\\/\\\/impulzusmusic.com\\\/en\\\/contact\\\/\"]}]},{\"@type\":\"BreadcrumbList\",\"@id\":\"https:\\\/\\\/impulzusmusic.com\\\/en\\\/contact\\\/#breadcrumb\",\"itemListElement\":[{\"@type\":\"ListItem\",\"position\":1,\"name\":\"Home\",\"item\":\"https:\\\/\\\/impulzusmusic.com\\\/en\\\/\"},{\"@type\":\"ListItem\",\"position\":2,\"name\":\"Contact\"}]},{\"@type\":\"WebSite\",\"@id\":\"https:\\\/\\\/impulzusmusic.com\\\/en\\\/#website\",\"url\":\"https:\\\/\\\/impulzusmusic.com\\\/en\\\/\",\"name\":\"ImPulzus\",\"description\":\"Kreat\u00edv Zenei M\u0171hely\",\"publisher\":{\"@id\":\"https:\\\/\\\/impulzusmusic.com\\\/en\\\/#organization\"},\"potentialAction\":[{\"@type\":\"SearchAction\",\"target\":{\"@type\":\"EntryPoint\",\"urlTemplate\":\"https:\\\/\\\/impulzusmusic.com\\\/en\\\/?s={search_term_string}\"},\"query-input\":{\"@type\":\"PropertyValueSpecification\",\"valueRequired\":true,\"valueName\":\"search_term_string\"}}],\"inLanguage\":\"en-US\"},{\"@type\":\"Organization\",\"@id\":\"https:\\\/\\\/impulzusmusic.com\\\/en\\\/#organization\",\"name\":\"ImPulzus Kreat\u00edv Zenei M\u0171hely\",\"url\":\"https:\\\/\\\/impulzusmusic.com\\\/en\\\/\",\"logo\":{\"@type\":\"ImageObject\",\"inLanguage\":\"en-US\",\"@id\":\"https:\\\/\\\/impulzusmusic.com\\\/en\\\/#\\\/schema\\\/logo\\\/image\\\/\",\"url\":\"https:\\\/\\\/impulzusmusic.com\\\/wp-content\\\/uploads\\\/2018\\\/08\\\/logo_uj.png\",\"contentUrl\":\"https:\\\/\\\/impulzusmusic.com\\\/wp-content\\\/uploads\\\/2018\\\/08\\\/logo_uj.png\",\"width\":2316,\"height\":824,\"caption\":\"ImPulzus Kreat\u00edv Zenei M\u0171hely\"},\"image\":{\"@id\":\"https:\\\/\\\/impulzusmusic.com\\\/en\\\/#\\\/schema\\\/logo\\\/image\\\/\"},\"sameAs\":[\"https:\\\/\\\/www.facebook.com\\\/impulzusmusic\",\"https:\\\/\\\/www.instagram.com\\\/impulzusmusic\\\/\",\"https:\\\/\\\/www.linkedin.com\\\/company\\\/impulzusmusic\\\/\"]}]}<\/script>\n<!-- \/ Yoast SEO Premium plugin. -->","yoast_head_json":{"title":"Contact - ImPulzus Kreat\u00edv Zenei M\u0171hely","description":"Ha b\u00e1rmilyen k\u00e9rd\u00e9sed van, keress minket az al\u00e1bbi el\u00e9rhet\u0151s\u00e9gek egyik\u00e9n,vagy \u00edrj nek\u00fcnk itt, az oldalon!","robots":{"index":"index","follow":"follow","max-snippet":"max-snippet:-1","max-image-preview":"max-image-preview:large","max-video-preview":"max-video-preview:-1"},"canonical":"https:\/\/impulzusmusic.com\/en\/contact\/","og_locale":"en_US","og_type":"article","og_title":"Contact","og_url":"https:\/\/impulzusmusic.com\/en\/contact\/","og_site_name":"ImPulzus","article_publisher":"https:\/\/www.facebook.com\/impulzusmusic","article_modified_time":"2025-06-13T09:23:47+00:00","og_image":[{"url":"https:\/\/impulzusmusic.com\/wp-content\/uploads\/2020\/02\/DSC_3831retu_kicsi.jpg","type":"","width":"","height":""}],"twitter_card":"summary_large_image","twitter_misc":{"Est. reading time":"1 minute"},"schema":{"@context":"https:\/\/schema.org","@graph":[{"@type":"WebPage","@id":"https:\/\/impulzusmusic.com\/en\/contact\/","url":"https:\/\/impulzusmusic.com\/en\/contact\/","name":"Contact - ImPulzus Kreat\u00edv Zenei M\u0171hely","isPartOf":{"@id":"https:\/\/impulzusmusic.com\/en\/#website"},"datePublished":"2017-04-21T15:41:42+00:00","dateModified":"2025-06-13T09:23:47+00:00","description":"Ha b\u00e1rmilyen k\u00e9rd\u00e9sed van, keress minket az al\u00e1bbi el\u00e9rhet\u0151s\u00e9gek egyik\u00e9n,vagy \u00edrj nek\u00fcnk itt, az oldalon!","breadcrumb":{"@id":"https:\/\/impulzusmusic.com\/en\/contact\/#breadcrumb"},"inLanguage":"en-US","potentialAction":[{"@type":"ReadAction","target":["https:\/\/impulzusmusic.com\/en\/contact\/"]}]},{"@type":"BreadcrumbList","@id":"https:\/\/impulzusmusic.com\/en\/contact\/#breadcrumb","itemListElement":[{"@type":"ListItem","position":1,"name":"Home","item":"https:\/\/impulzusmusic.com\/en\/"},{"@type":"ListItem","position":2,"name":"Contact"}]},{"@type":"WebSite","@id":"https:\/\/impulzusmusic.com\/en\/#website","url":"https:\/\/impulzusmusic.com\/en\/","name":"ImPulzus","description":"Kreat\u00edv Zenei M\u0171hely","publisher":{"@id":"https:\/\/impulzusmusic.com\/en\/#organization"},"potentialAction":[{"@type":"SearchAction","target":{"@type":"EntryPoint","urlTemplate":"https:\/\/impulzusmusic.com\/en\/?s={search_term_string}"},"query-input":{"@type":"PropertyValueSpecification","valueRequired":true,"valueName":"search_term_string"}}],"inLanguage":"en-US"},{"@type":"Organization","@id":"https:\/\/impulzusmusic.com\/en\/#organization","name":"ImPulzus Kreat\u00edv Zenei M\u0171hely","url":"https:\/\/impulzusmusic.com\/en\/","logo":{"@type":"ImageObject","inLanguage":"en-US","@id":"https:\/\/impulzusmusic.com\/en\/#\/schema\/logo\/image\/","url":"https:\/\/impulzusmusic.com\/wp-content\/uploads\/2018\/08\/logo_uj.png","contentUrl":"https:\/\/impulzusmusic.com\/wp-content\/uploads\/2018\/08\/logo_uj.png","width":2316,"height":824,"caption":"ImPulzus Kreat\u00edv Zenei M\u0171hely"},"image":{"@id":"https:\/\/impulzusmusic.com\/en\/#\/schema\/logo\/image\/"},"sameAs":["https:\/\/www.facebook.com\/impulzusmusic","https:\/\/www.instagram.com\/impulzusmusic\/","https:\/\/www.linkedin.com\/company\/impulzusmusic\/"]}]}},"_links":{"self":[{"href":"https:\/\/impulzusmusic.com\/en\/wp-json\/wp\/v2\/pages\/2875","targetHints":{"allow":["GET"]}}],"collection":[{"href":"https:\/\/impulzusmusic.com\/en\/wp-json\/wp\/v2\/pages"}],"about":[{"href":"https:\/\/impulzusmusic.com\/en\/wp-json\/wp\/v2\/types\/page"}],"author":[{"embeddable":true,"href":"https:\/\/impulzusmusic.com\/en\/wp-json\/wp\/v2\/users\/1"}],"replies":[{"embeddable":true,"href":"https:\/\/impulzusmusic.com\/en\/wp-json\/wp\/v2\/comments?post=2875"}],"version-history":[{"count":2,"href":"https:\/\/impulzusmusic.com\/en\/wp-json\/wp\/v2\/pages\/2875\/revisions"}],"predecessor-version":[{"id":18266,"href":"https:\/\/impulzusmusic.com\/en\/wp-json\/wp\/v2\/pages\/2875\/revisions\/18266"}],"wp:attachment":[{"href":"https:\/\/impulzusmusic.com\/en\/wp-json\/wp\/v2\/media?parent=2875"}],"curies":[{"name":"wp","href":"https:\/\/api.w.org\/{rel}","templated":true}]}}