{"id":2884,"date":"2018-08-20T18:19:56","date_gmt":"2018-08-20T18:19:56","guid":{"rendered":"https:\/\/impulzusmusic.com\/impulzus-blog\/"},"modified":"2024-05-14T11:36:30","modified_gmt":"2024-05-14T11:36:30","slug":"impulzus-blog","status":"publish","type":"page","link":"https:\/\/impulzusmusic.com\/en\/impulzus-blog\/","title":{"rendered":"ImPulzus Blog"},"content":{"rendered":"<p>[et_pb_section fb_built=&#8221;1&#8243; _builder_version=&#8221;4.18.0&#8243; _module_preset=&#8221;default&#8221; use_background_color_gradient=&#8221;on&#8221; background_color_gradient_direction=&#8221;125deg&#8221; background_color_gradient_stops=&#8221;#fe4c3f 0%|#111111 95%&#8221; background_image=&#8221;https:\/\/impulzusmusic.com\/wp-content\/uploads\/2023\/01\/DSC_0697_ff.jpg&#8221; background_blend=&#8221;soft-light&#8221; custom_padding=&#8221;104px||202px|||&#8221; bottom_divider_style=&#8221;slant&#8221; bottom_divider_color=&#8221;#FFFFFF&#8221; bottom_divider_height=&#8221;170px&#8221; bottom_divider_flip=&#8221;horizontal&#8221; locked=&#8221;off&#8221; global_colors_info=&#8221;{}&#8221;][et_pb_row _builder_version=&#8221;4.18.0&#8243; _module_preset=&#8221;default&#8221; global_colors_info=&#8221;{}&#8221;][et_pb_column type=&#8221;4_4&#8243; _builder_version=&#8221;4.18.0&#8243; _module_preset=&#8221;default&#8221; global_colors_info=&#8221;{}&#8221;][et_pb_text _builder_version=&#8221;4.18.0&#8243; _module_preset=&#8221;8dba6f91-c36f-41bf-978a-8746e1579da2&#8243; text_font_size=&#8221;15.6px&#8221; hover_enabled=&#8221;0&#8243; global_colors_info=&#8221;{}&#8221; sticky_enabled=&#8221;0&#8243;]<\/p>\n<h1 class=\"special-heading-title\" style=\"text-align: center;\"><span style=\"color: #ffffff;\">ImPulzus blog<\/span><\/h1>\n<p>[\/et_pb_text][\/et_pb_column][\/et_pb_row][\/et_pb_section][et_pb_section fb_built=&#8221;1&#8243; _builder_version=&#8221;4.18.0&#8243; _module_preset=&#8221;default&#8221; custom_padding=&#8221;||0px|||&#8221; locked=&#8221;off&#8221; global_colors_info=&#8221;{}&#8221;][et_pb_row disabled_on=&#8221;off|off|off&#8221; _builder_version=&#8221;4.18.0&#8243; _module_preset=&#8221;default&#8221; global_colors_info=&#8221;{}&#8221;][et_pb_column type=&#8221;4_4&#8243; _builder_version=&#8221;4.18.0&#8243; _module_preset=&#8221;default&#8221; global_colors_info=&#8221;{}&#8221;][et_pb_text _builder_version=&#8221;4.18.0&#8243; _module_preset=&#8221;default&#8221; global_colors_info=&#8221;{}&#8221;]<\/p>\n<h3 style=\"text-align: center;\"><em><strong>Sorry, there is no English content for this page yet.<\/strong><\/em><\/h3>\n<p>[\/et_pb_text][et_pb_blog fullwidth=&#8221;off&#8221; posts_number=&#8221;100&#8243; include_categories=&#8221;all&#8221; meta_date=&#8221;Y. m. j.&#8221; show_more=&#8221;on&#8221; show_author=&#8221;off&#8221; show_categories=&#8221;off&#8221; disabled_on=&#8221;on|on|on&#8221; _builder_version=&#8221;4.18.0&#8243; _module_preset=&#8221;default&#8221; header_font=&#8221;|600|||||||&#8221; header_font_size=&#8221;19px&#8221; header_line_height=&#8221;1.4em&#8221; body_text_color=&#8221;#111111&#8243; meta_font=&#8221;|700|||||||&#8221; meta_text_color=&#8221;#FE4C3F&#8221; meta_font_size=&#8221;12px&#8221; meta_letter_spacing=&#8221;1px&#8221; meta_line_height=&#8221;2.1em&#8221; read_more_font=&#8221;|700||on|||||&#8221; read_more_text_color=&#8221;#FE4C3F&#8221; read_more_letter_spacing=&#8221;1px&#8221; read_more_line_height=&#8221;3.9em&#8221; border_radii=&#8221;on|10px|10px|10px|10px&#8221; border_width_all=&#8221;0px&#8221; box_shadow_style=&#8221;preset1&#8243; disabled=&#8221;on&#8221; global_colors_info=&#8221;{}&#8221;][\/et_pb_blog][\/et_pb_column][\/et_pb_row][et_pb_row _builder_version=&#8221;4.18.0&#8243; _module_preset=&#8221;default&#8221; global_colors_info=&#8221;{}&#8221;][et_pb_column type=&#8221;4_4&#8243; _builder_version=&#8221;4.18.0&#8243; _module_preset=&#8221;default&#8221; global_colors_info=&#8221;{}&#8221;][\/et_pb_column][\/et_pb_row][\/et_pb_section][et_pb_section fb_built=&#8221;1&#8243; prev_background_color=&#8221;#ffffff&#8221; _builder_version=&#8221;4.18.0&#8243; _module_preset=&#8221;default&#8221; background_color=&#8221;#FE4C3F&#8221; custom_padding=&#8221;120px||0px|||&#8221; top_divider_style=&#8221;slant&#8221; top_divider_flip=&#8221;horizontal&#8221; locked=&#8221;off&#8221; global_colors_info=&#8221;{}&#8221;][et_pb_row _builder_version=&#8221;4.18.0&#8243; _module_preset=&#8221;default&#8221; global_colors_info=&#8221;{}&#8221;][et_pb_column type=&#8221;4_4&#8243; _builder_version=&#8221;4.18.0&#8243; _module_preset=&#8221;default&#8221; global_colors_info=&#8221;{}&#8221;][et_pb_slider _builder_version=&#8221;4.18.0&#8243; _module_preset=&#8221;default&#8221; custom_padding=&#8221;63px||70px|||&#8221; global_colors_info=&#8221;{}&#8221;][et_pb_slide _builder_version=&#8221;4.18.0&#8243; _module_preset=&#8221;default&#8221; background_color=&#8221;RGBA(255,255,255,0)&#8221; background_enable_color=&#8221;on&#8221; global_colors_info=&#8221;{}&#8221; sticky_transition=&#8221;on&#8221;]<\/p>\n<h3>The best motivation comes from within. We&#8217;ll help you find it!<\/h3>\n<p>[\/et_pb_slide][et_pb_slide _builder_version=&#8221;4.18.0&#8243; _module_preset=&#8221;default&#8221; header_level=&#8221;h3&#8243; header_font_size=&#8221;22px&#8221; header_line_height=&#8221;1.7em&#8221; background_color=&#8221;RGBA(255,255,255,0)&#8221; background_enable_color=&#8221;on&#8221; global_colors_info=&#8221;{}&#8221; sticky_transition=&#8221;on&#8221;]<\/p>\n<h3>We think it is the school&#8217;s job to encourage. Our desires are born from experience, and our knowledge from desire.<\/h3>\n<p>[\/et_pb_slide][et_pb_slide _builder_version=&#8221;4.18.0&#8243; _module_preset=&#8221;default&#8221; header_level=&#8221;h3&#8243; header_font_size=&#8221;22px&#8221; header_line_height=&#8221;1.7em&#8221; background_color=&#8221;RGBA(255,255,255,0)&#8221; background_enable_color=&#8221;on&#8221; global_colors_info=&#8221;{}&#8221; sticky_transition=&#8221;on&#8221;]<\/p>\n<h3><span style=\"font-weight: 400; line-height: 30px;\">Fundamental freedom rights, passage 12: Everyone has the right to sing!<\/span><\/h3>\n<p>[\/et_pb_slide][et_pb_slide _builder_version=&#8221;4.18.0&#8243; _module_preset=&#8221;default&#8221; header_level=&#8221;h3&#8243; header_font_size=&#8221;22px&#8221; header_line_height=&#8221;1.7em&#8221; background_color=&#8221;RGBA(255,255,255,0)&#8221; background_enable_color=&#8221;on&#8221; global_colors_info=&#8221;{}&#8221; sticky_transition=&#8221;on&#8221;]<\/p>\n<h3><span style=\"font-weight: 400; line-height: 30px;\">Some people take 10-15 years to realize that music is missing from their lives. And some people come to ImPulzus first.<\/span><\/h3>\n<p>[\/et_pb_slide][\/et_pb_slider][\/et_pb_column][\/et_pb_row][\/et_pb_section]<\/p>\n","protected":false},"excerpt":{"rendered":"<p>ImPulzus blogSorry, there is no English content for this page yet.The best motivation comes from within. We&#8217;ll help you find it!We think it is the school&#8217;s job to encourage. Our desires are born from experience, and our knowledge from desire.Fundamental freedom rights, passage 12: Everyone has the right to sing!Some people take 10-15 years to [&hellip;]<\/p>\n","protected":false},"author":1,"featured_media":0,"parent":0,"menu_order":0,"comment_status":"closed","ping_status":"closed","template":"","meta":{"_et_pb_use_builder":"on","_et_pb_old_content":"","_et_gb_content_width":"","inline_featured_image":false,"footnotes":""},"class_list":["post-2884","page","type-page","status-publish","hentry"],"yoast_head":"<!-- This site is optimized with the Yoast SEO Premium plugin v27.4 (Yoast SEO v27.4) - https:\/\/yoast.com\/product\/yoast-seo-premium-wordpress\/ -->\n<title>ImPulzus Blog - ImPulzus Kreat\u00edv Zenei M\u0171hely<\/title>\n<meta name=\"description\" content=\"ImPulzus zenei blog - zeneoktat\u00e1s, k\u00f3rus\u00e9nekl\u00e9s, k\u00f3rus\u00e9let, motiv\u00e1ci\u00f3, hangszeroktat\u00e1s, zeneszerz\u00e9s, marketing, t\u00e1rsadalmi v\u00e1llalkoz\u00e1sok\" \/>\n<meta name=\"robots\" content=\"index, follow, max-snippet:-1, max-image-preview:large, max-video-preview:-1\" \/>\n<link rel=\"canonical\" href=\"https:\/\/impulzusmusic.com\/en\/impulzus-blog\/\" \/>\n<meta property=\"og:locale\" content=\"en_US\" \/>\n<meta property=\"og:type\" content=\"article\" \/>\n<meta property=\"og:title\" content=\"ImPulzus Blog\" \/>\n<meta property=\"og:url\" content=\"https:\/\/impulzusmusic.com\/en\/impulzus-blog\/\" \/>\n<meta property=\"og:site_name\" content=\"ImPulzus\" \/>\n<meta property=\"article:publisher\" content=\"https:\/\/www.facebook.com\/impulzusmusic\" \/>\n<meta property=\"article:modified_time\" content=\"2024-05-14T11:36:30+00:00\" \/>\n<meta property=\"og:image\" content=\"https:\/\/impulzusmusic.com\/wp-content\/uploads\/2020\/02\/DSC_3831retu_kicsi.jpg\" \/>\n<meta name=\"twitter:card\" content=\"summary_large_image\" \/>\n<meta name=\"twitter:label1\" content=\"Est. reading time\" \/>\n\t<meta name=\"twitter:data1\" content=\"1 minute\" \/>\n<script type=\"application\/ld+json\" class=\"yoast-schema-graph\">{\"@context\":\"https:\\\/\\\/schema.org\",\"@graph\":[{\"@type\":\"WebPage\",\"@id\":\"https:\\\/\\\/impulzusmusic.com\\\/en\\\/impulzus-blog\\\/\",\"url\":\"https:\\\/\\\/impulzusmusic.com\\\/en\\\/impulzus-blog\\\/\",\"name\":\"ImPulzus Blog - ImPulzus Kreat\u00edv Zenei M\u0171hely\",\"isPartOf\":{\"@id\":\"https:\\\/\\\/impulzusmusic.com\\\/en\\\/#website\"},\"datePublished\":\"2018-08-20T18:19:56+00:00\",\"dateModified\":\"2024-05-14T11:36:30+00:00\",\"description\":\"ImPulzus zenei blog - zeneoktat\u00e1s, k\u00f3rus\u00e9nekl\u00e9s, k\u00f3rus\u00e9let, motiv\u00e1ci\u00f3, hangszeroktat\u00e1s, zeneszerz\u00e9s, marketing, t\u00e1rsadalmi v\u00e1llalkoz\u00e1sok\",\"breadcrumb\":{\"@id\":\"https:\\\/\\\/impulzusmusic.com\\\/en\\\/impulzus-blog\\\/#breadcrumb\"},\"inLanguage\":\"en-US\",\"potentialAction\":[{\"@type\":\"ReadAction\",\"target\":[\"https:\\\/\\\/impulzusmusic.com\\\/en\\\/impulzus-blog\\\/\"]}]},{\"@type\":\"BreadcrumbList\",\"@id\":\"https:\\\/\\\/impulzusmusic.com\\\/en\\\/impulzus-blog\\\/#breadcrumb\",\"itemListElement\":[{\"@type\":\"ListItem\",\"position\":1,\"name\":\"Home\",\"item\":\"https:\\\/\\\/impulzusmusic.com\\\/en\\\/\"},{\"@type\":\"ListItem\",\"position\":2,\"name\":\"ImPulzus Blog\"}]},{\"@type\":\"WebSite\",\"@id\":\"https:\\\/\\\/impulzusmusic.com\\\/en\\\/#website\",\"url\":\"https:\\\/\\\/impulzusmusic.com\\\/en\\\/\",\"name\":\"ImPulzus\",\"description\":\"Kreat\u00edv Zenei M\u0171hely\",\"publisher\":{\"@id\":\"https:\\\/\\\/impulzusmusic.com\\\/en\\\/#organization\"},\"potentialAction\":[{\"@type\":\"SearchAction\",\"target\":{\"@type\":\"EntryPoint\",\"urlTemplate\":\"https:\\\/\\\/impulzusmusic.com\\\/en\\\/?s={search_term_string}\"},\"query-input\":{\"@type\":\"PropertyValueSpecification\",\"valueRequired\":true,\"valueName\":\"search_term_string\"}}],\"inLanguage\":\"en-US\"},{\"@type\":\"Organization\",\"@id\":\"https:\\\/\\\/impulzusmusic.com\\\/en\\\/#organization\",\"name\":\"ImPulzus Kreat\u00edv Zenei M\u0171hely\",\"url\":\"https:\\\/\\\/impulzusmusic.com\\\/en\\\/\",\"logo\":{\"@type\":\"ImageObject\",\"inLanguage\":\"en-US\",\"@id\":\"https:\\\/\\\/impulzusmusic.com\\\/en\\\/#\\\/schema\\\/logo\\\/image\\\/\",\"url\":\"https:\\\/\\\/impulzusmusic.com\\\/wp-content\\\/uploads\\\/2018\\\/08\\\/logo_uj.png\",\"contentUrl\":\"https:\\\/\\\/impulzusmusic.com\\\/wp-content\\\/uploads\\\/2018\\\/08\\\/logo_uj.png\",\"width\":2316,\"height\":824,\"caption\":\"ImPulzus Kreat\u00edv Zenei M\u0171hely\"},\"image\":{\"@id\":\"https:\\\/\\\/impulzusmusic.com\\\/en\\\/#\\\/schema\\\/logo\\\/image\\\/\"},\"sameAs\":[\"https:\\\/\\\/www.facebook.com\\\/impulzusmusic\",\"https:\\\/\\\/www.instagram.com\\\/impulzusmusic\\\/\",\"https:\\\/\\\/www.linkedin.com\\\/company\\\/impulzusmusic\\\/\"]}]}<\/script>\n<!-- \/ Yoast SEO Premium plugin. -->","yoast_head_json":{"title":"ImPulzus Blog - ImPulzus Kreat\u00edv Zenei M\u0171hely","description":"ImPulzus zenei blog - zeneoktat\u00e1s, k\u00f3rus\u00e9nekl\u00e9s, k\u00f3rus\u00e9let, motiv\u00e1ci\u00f3, hangszeroktat\u00e1s, zeneszerz\u00e9s, marketing, t\u00e1rsadalmi v\u00e1llalkoz\u00e1sok","robots":{"index":"index","follow":"follow","max-snippet":"max-snippet:-1","max-image-preview":"max-image-preview:large","max-video-preview":"max-video-preview:-1"},"canonical":"https:\/\/impulzusmusic.com\/en\/impulzus-blog\/","og_locale":"en_US","og_type":"article","og_title":"ImPulzus Blog","og_url":"https:\/\/impulzusmusic.com\/en\/impulzus-blog\/","og_site_name":"ImPulzus","article_publisher":"https:\/\/www.facebook.com\/impulzusmusic","article_modified_time":"2024-05-14T11:36:30+00:00","og_image":[{"url":"https:\/\/impulzusmusic.com\/wp-content\/uploads\/2020\/02\/DSC_3831retu_kicsi.jpg","type":"","width":"","height":""}],"twitter_card":"summary_large_image","twitter_misc":{"Est. reading time":"1 minute"},"schema":{"@context":"https:\/\/schema.org","@graph":[{"@type":"WebPage","@id":"https:\/\/impulzusmusic.com\/en\/impulzus-blog\/","url":"https:\/\/impulzusmusic.com\/en\/impulzus-blog\/","name":"ImPulzus Blog - ImPulzus Kreat\u00edv Zenei M\u0171hely","isPartOf":{"@id":"https:\/\/impulzusmusic.com\/en\/#website"},"datePublished":"2018-08-20T18:19:56+00:00","dateModified":"2024-05-14T11:36:30+00:00","description":"ImPulzus zenei blog - zeneoktat\u00e1s, k\u00f3rus\u00e9nekl\u00e9s, k\u00f3rus\u00e9let, motiv\u00e1ci\u00f3, hangszeroktat\u00e1s, zeneszerz\u00e9s, marketing, t\u00e1rsadalmi v\u00e1llalkoz\u00e1sok","breadcrumb":{"@id":"https:\/\/impulzusmusic.com\/en\/impulzus-blog\/#breadcrumb"},"inLanguage":"en-US","potentialAction":[{"@type":"ReadAction","target":["https:\/\/impulzusmusic.com\/en\/impulzus-blog\/"]}]},{"@type":"BreadcrumbList","@id":"https:\/\/impulzusmusic.com\/en\/impulzus-blog\/#breadcrumb","itemListElement":[{"@type":"ListItem","position":1,"name":"Home","item":"https:\/\/impulzusmusic.com\/en\/"},{"@type":"ListItem","position":2,"name":"ImPulzus Blog"}]},{"@type":"WebSite","@id":"https:\/\/impulzusmusic.com\/en\/#website","url":"https:\/\/impulzusmusic.com\/en\/","name":"ImPulzus","description":"Kreat\u00edv Zenei M\u0171hely","publisher":{"@id":"https:\/\/impulzusmusic.com\/en\/#organization"},"potentialAction":[{"@type":"SearchAction","target":{"@type":"EntryPoint","urlTemplate":"https:\/\/impulzusmusic.com\/en\/?s={search_term_string}"},"query-input":{"@type":"PropertyValueSpecification","valueRequired":true,"valueName":"search_term_string"}}],"inLanguage":"en-US"},{"@type":"Organization","@id":"https:\/\/impulzusmusic.com\/en\/#organization","name":"ImPulzus Kreat\u00edv Zenei M\u0171hely","url":"https:\/\/impulzusmusic.com\/en\/","logo":{"@type":"ImageObject","inLanguage":"en-US","@id":"https:\/\/impulzusmusic.com\/en\/#\/schema\/logo\/image\/","url":"https:\/\/impulzusmusic.com\/wp-content\/uploads\/2018\/08\/logo_uj.png","contentUrl":"https:\/\/impulzusmusic.com\/wp-content\/uploads\/2018\/08\/logo_uj.png","width":2316,"height":824,"caption":"ImPulzus Kreat\u00edv Zenei M\u0171hely"},"image":{"@id":"https:\/\/impulzusmusic.com\/en\/#\/schema\/logo\/image\/"},"sameAs":["https:\/\/www.facebook.com\/impulzusmusic","https:\/\/www.instagram.com\/impulzusmusic\/","https:\/\/www.linkedin.com\/company\/impulzusmusic\/"]}]}},"_links":{"self":[{"href":"https:\/\/impulzusmusic.com\/en\/wp-json\/wp\/v2\/pages\/2884","targetHints":{"allow":["GET"]}}],"collection":[{"href":"https:\/\/impulzusmusic.com\/en\/wp-json\/wp\/v2\/pages"}],"about":[{"href":"https:\/\/impulzusmusic.com\/en\/wp-json\/wp\/v2\/types\/page"}],"author":[{"embeddable":true,"href":"https:\/\/impulzusmusic.com\/en\/wp-json\/wp\/v2\/users\/1"}],"replies":[{"embeddable":true,"href":"https:\/\/impulzusmusic.com\/en\/wp-json\/wp\/v2\/comments?post=2884"}],"version-history":[{"count":0,"href":"https:\/\/impulzusmusic.com\/en\/wp-json\/wp\/v2\/pages\/2884\/revisions"}],"wp:attachment":[{"href":"https:\/\/impulzusmusic.com\/en\/wp-json\/wp\/v2\/media?parent=2884"}],"curies":[{"name":"wp","href":"https:\/\/api.w.org\/{rel}","templated":true}]}}