{"id":4177,"date":"2018-10-17T09:16:23","date_gmt":"2018-10-17T09:16:23","guid":{"rendered":"https:\/\/impulzusmusic.com\/jelentkezes-korushangkepzes\/"},"modified":"2020-02-18T11:18:37","modified_gmt":"2020-02-18T11:18:37","slug":"application-choral-vocal-trainings","status":"publish","type":"page","link":"https:\/\/impulzusmusic.com\/en\/application-choral-vocal-trainings\/","title":{"rendered":"Application &#8211; Choiral Vocal Trainings"},"content":{"rendered":"<p>[vc_row bg_overlay=&#8221;dark30&#8243; css=&#8221;.vc_custom_1566398380966{padding-top: 90px !important;padding-bottom: 70px !important;background-image: url(https:\/\/impulzusmusic.com\/wp-content\/uploads\/2019\/04\/DSC_0368_keskeny.jpg?id=3284) !important;}&#8221; el_class=&#8221;jelentkezeslogo&#8221;][vc_column][vc_single_image image=&#8221;4181&#8243; alignment=&#8221;center&#8221;][\/vc_column][\/vc_row][vc_row bg_color_pre=&#8221;bg-color-accent-3&#8243;][vc_column width=&#8221;3\/4&#8243;][vc_column_text]<script type=\"text\/javascript\" src=\"https:\/\/form.jotform.com\/jsform\/200432257415345\"><\/script>[\/vc_column_text][\/vc_column][vc_column width=&#8221;1\/4&#8243; css=&#8221;.vc_custom_1540981000226{padding-top: 70px !important;}&#8221;][vc_single_image image=&#8221;4706&#8243;][vntd_testimonials style=&#8221;simple&#8221; cols=&#8221;1&#8243; cats=&#8221;testimonials-en&#8221; bullet_nav=&#8221;&#8221; autoplay_timeout=&#8221;9000&#8243;][vc_column_text css=&#8221;.vc_custom_1566397682400{padding-top: 50px !important;}&#8221;]<\/p>\n<h4 style=\"text-align: left;\">Contact<\/h4>\n<p>[\/vc_column_text][vntd_icon_list elements=&#8221;%5B%7B%22icon_fontawesome%22%3A%22fa%20fa-envelope%22%2C%22text%22%3A%22info%40impulzusmusic.com%22%7D%2C%7B%22icon_fontawesome%22%3A%22fa%20fa-phone%22%2C%22text%22%3A%22%2B36303244842%22%7D%5D&#8221; border=&#8221;off&#8221;][\/vc_column][\/vc_row]<\/p>\n","protected":false},"excerpt":{"rendered":"<p>[vc_row bg_overlay=&#8221;dark30&#8243; css=&#8221;.vc_custom_1566398380966{padding-top: 90px !important;padding-bottom: 70px !important;background-image: url(https:\/\/impulzusmusic.com\/wp-content\/uploads\/2019\/04\/DSC_0368_keskeny.jpg?id=3284) !important;}&#8221; el_class=&#8221;jelentkezeslogo&#8221;][vc_column][vc_single_image image=&#8221;4181&#8243; alignment=&#8221;center&#8221;][\/vc_column][\/vc_row][vc_row bg_color_pre=&#8221;bg-color-accent-3&#8243;][vc_column width=&#8221;3\/4&#8243;][vc_column_text][\/vc_column_text][\/vc_column][vc_column width=&#8221;1\/4&#8243; css=&#8221;.vc_custom_1540981000226{padding-top: 70px !important;}&#8221;][vc_single_image image=&#8221;4706&#8243;][vntd_testimonials style=&#8221;simple&#8221; cols=&#8221;1&#8243; cats=&#8221;testimonials-en&#8221; bullet_nav=&#8221;&#8221; autoplay_timeout=&#8221;9000&#8243;][vc_column_text css=&#8221;.vc_custom_1566397682400{padding-top: 50px !important;}&#8221;] Contact [\/vc_column_text][vntd_icon_list elements=&#8221;%5B%7B%22icon_fontawesome%22%3A%22fa%20fa-envelope%22%2C%22text%22%3A%22info%40impulzusmusic.com%22%7D%2C%7B%22icon_fontawesome%22%3A%22fa%20fa-phone%22%2C%22text%22%3A%22%2B36303244842%22%7D%5D&#8221; border=&#8221;off&#8221;][\/vc_column][\/vc_row]<\/p>\n","protected":false},"author":1,"featured_media":0,"parent":0,"menu_order":0,"comment_status":"closed","ping_status":"closed","template":"","meta":{"_et_pb_use_builder":"on","_et_pb_old_content":"","_et_gb_content_width":"","inline_featured_image":false,"footnotes":""},"class_list":["post-4177","page","type-page","status-publish","hentry"],"yoast_head":"<!-- This site is optimized with the Yoast SEO Premium plugin v27.3 (Yoast SEO v27.3) - https:\/\/yoast.com\/product\/yoast-seo-premium-wordpress\/ -->\n<title>Application - Choiral Vocal Trainings - ImPulzus<\/title>\n<meta name=\"description\" content=\"Az ImPulzus \u2013 Kreat\u00edv Zenei M\u0171hely hangk\u00e9pz\u00e9si, \u00e9nektechnikai programot k\u00edn\u00e1l amat\u0151r \u00e9nekkarok sz\u00e1m\u00e1ra.\" \/>\n<meta name=\"robots\" content=\"index, follow, max-snippet:-1, max-image-preview:large, max-video-preview:-1\" \/>\n<link rel=\"canonical\" href=\"https:\/\/impulzusmusic.com\/en\/application-choral-vocal-trainings\/\" \/>\n<meta property=\"og:locale\" content=\"en_US\" \/>\n<meta property=\"og:type\" content=\"article\" \/>\n<meta property=\"og:title\" content=\"Application - Choiral Vocal Trainings\" \/>\n<meta property=\"og:description\" content=\"Contact\" \/>\n<meta property=\"og:url\" content=\"https:\/\/impulzusmusic.com\/en\/application-choral-vocal-trainings\/\" \/>\n<meta property=\"og:site_name\" content=\"ImPulzus\" \/>\n<meta property=\"article:publisher\" content=\"https:\/\/www.facebook.com\/impulzusmusic\" \/>\n<meta property=\"article:modified_time\" content=\"2020-02-18T11:18:37+00:00\" \/>\n<meta property=\"og:image\" content=\"https:\/\/impulzusmusic.com\/wp-content\/uploads\/2020\/02\/DSC_3831retu_kicsi.jpg\" \/>\n\t<meta property=\"og:image:width\" content=\"1500\" \/>\n\t<meta property=\"og:image:height\" content=\"1000\" \/>\n\t<meta property=\"og:image:type\" content=\"image\/jpeg\" \/>\n<meta name=\"twitter:card\" content=\"summary_large_image\" \/>\n<meta name=\"twitter:label1\" content=\"Est. reading time\" \/>\n\t<meta name=\"twitter:data1\" content=\"1 minute\" \/>\n<script type=\"application\/ld+json\" class=\"yoast-schema-graph\">{\"@context\":\"https:\\\/\\\/schema.org\",\"@graph\":[{\"@type\":\"WebPage\",\"@id\":\"https:\\\/\\\/impulzusmusic.com\\\/en\\\/application-choral-vocal-trainings\\\/\",\"url\":\"https:\\\/\\\/impulzusmusic.com\\\/en\\\/application-choral-vocal-trainings\\\/\",\"name\":\"Application - Choiral Vocal Trainings - ImPulzus\",\"isPartOf\":{\"@id\":\"https:\\\/\\\/impulzusmusic.com\\\/en\\\/#website\"},\"datePublished\":\"2018-10-17T09:16:23+00:00\",\"dateModified\":\"2020-02-18T11:18:37+00:00\",\"description\":\"Az ImPulzus \u2013 Kreat\u00edv Zenei M\u0171hely hangk\u00e9pz\u00e9si, \u00e9nektechnikai programot k\u00edn\u00e1l amat\u0151r \u00e9nekkarok sz\u00e1m\u00e1ra.\",\"breadcrumb\":{\"@id\":\"https:\\\/\\\/impulzusmusic.com\\\/en\\\/application-choral-vocal-trainings\\\/#breadcrumb\"},\"inLanguage\":\"en-US\",\"potentialAction\":[{\"@type\":\"ReadAction\",\"target\":[\"https:\\\/\\\/impulzusmusic.com\\\/en\\\/application-choral-vocal-trainings\\\/\"]}]},{\"@type\":\"BreadcrumbList\",\"@id\":\"https:\\\/\\\/impulzusmusic.com\\\/en\\\/application-choral-vocal-trainings\\\/#breadcrumb\",\"itemListElement\":[{\"@type\":\"ListItem\",\"position\":1,\"name\":\"Home\",\"item\":\"https:\\\/\\\/impulzusmusic.com\\\/en\\\/\"},{\"@type\":\"ListItem\",\"position\":2,\"name\":\"Application &#8211; Choiral Vocal Trainings\"}]},{\"@type\":\"WebSite\",\"@id\":\"https:\\\/\\\/impulzusmusic.com\\\/en\\\/#website\",\"url\":\"https:\\\/\\\/impulzusmusic.com\\\/en\\\/\",\"name\":\"ImPulzus\",\"description\":\"Kreat\u00edv Zenei M\u0171hely\",\"publisher\":{\"@id\":\"https:\\\/\\\/impulzusmusic.com\\\/en\\\/#organization\"},\"potentialAction\":[{\"@type\":\"SearchAction\",\"target\":{\"@type\":\"EntryPoint\",\"urlTemplate\":\"https:\\\/\\\/impulzusmusic.com\\\/en\\\/?s={search_term_string}\"},\"query-input\":{\"@type\":\"PropertyValueSpecification\",\"valueRequired\":true,\"valueName\":\"search_term_string\"}}],\"inLanguage\":\"en-US\"},{\"@type\":\"Organization\",\"@id\":\"https:\\\/\\\/impulzusmusic.com\\\/en\\\/#organization\",\"name\":\"ImPulzus Kreat\u00edv Zenei M\u0171hely\",\"url\":\"https:\\\/\\\/impulzusmusic.com\\\/en\\\/\",\"logo\":{\"@type\":\"ImageObject\",\"inLanguage\":\"en-US\",\"@id\":\"https:\\\/\\\/impulzusmusic.com\\\/en\\\/#\\\/schema\\\/logo\\\/image\\\/\",\"url\":\"https:\\\/\\\/impulzusmusic.com\\\/wp-content\\\/uploads\\\/2018\\\/08\\\/logo_uj.png\",\"contentUrl\":\"https:\\\/\\\/impulzusmusic.com\\\/wp-content\\\/uploads\\\/2018\\\/08\\\/logo_uj.png\",\"width\":2316,\"height\":824,\"caption\":\"ImPulzus Kreat\u00edv Zenei M\u0171hely\"},\"image\":{\"@id\":\"https:\\\/\\\/impulzusmusic.com\\\/en\\\/#\\\/schema\\\/logo\\\/image\\\/\"},\"sameAs\":[\"https:\\\/\\\/www.facebook.com\\\/impulzusmusic\",\"https:\\\/\\\/www.instagram.com\\\/impulzusmusic\\\/\",\"https:\\\/\\\/www.linkedin.com\\\/company\\\/impulzusmusic\\\/\"]}]}<\/script>\n<!-- \/ Yoast SEO Premium plugin. -->","yoast_head_json":{"title":"Application - Choiral Vocal Trainings - ImPulzus","description":"Az ImPulzus \u2013 Kreat\u00edv Zenei M\u0171hely hangk\u00e9pz\u00e9si, \u00e9nektechnikai programot k\u00edn\u00e1l amat\u0151r \u00e9nekkarok sz\u00e1m\u00e1ra.","robots":{"index":"index","follow":"follow","max-snippet":"max-snippet:-1","max-image-preview":"max-image-preview:large","max-video-preview":"max-video-preview:-1"},"canonical":"https:\/\/impulzusmusic.com\/en\/application-choral-vocal-trainings\/","og_locale":"en_US","og_type":"article","og_title":"Application - Choiral Vocal Trainings","og_description":"Contact","og_url":"https:\/\/impulzusmusic.com\/en\/application-choral-vocal-trainings\/","og_site_name":"ImPulzus","article_publisher":"https:\/\/www.facebook.com\/impulzusmusic","article_modified_time":"2020-02-18T11:18:37+00:00","og_image":[{"width":1500,"height":1000,"url":"https:\/\/impulzusmusic.com\/wp-content\/uploads\/2020\/02\/DSC_3831retu_kicsi.jpg","type":"image\/jpeg"}],"twitter_card":"summary_large_image","twitter_misc":{"Est. reading time":"1 minute"},"schema":{"@context":"https:\/\/schema.org","@graph":[{"@type":"WebPage","@id":"https:\/\/impulzusmusic.com\/en\/application-choral-vocal-trainings\/","url":"https:\/\/impulzusmusic.com\/en\/application-choral-vocal-trainings\/","name":"Application - Choiral Vocal Trainings - ImPulzus","isPartOf":{"@id":"https:\/\/impulzusmusic.com\/en\/#website"},"datePublished":"2018-10-17T09:16:23+00:00","dateModified":"2020-02-18T11:18:37+00:00","description":"Az ImPulzus \u2013 Kreat\u00edv Zenei M\u0171hely hangk\u00e9pz\u00e9si, \u00e9nektechnikai programot k\u00edn\u00e1l amat\u0151r \u00e9nekkarok sz\u00e1m\u00e1ra.","breadcrumb":{"@id":"https:\/\/impulzusmusic.com\/en\/application-choral-vocal-trainings\/#breadcrumb"},"inLanguage":"en-US","potentialAction":[{"@type":"ReadAction","target":["https:\/\/impulzusmusic.com\/en\/application-choral-vocal-trainings\/"]}]},{"@type":"BreadcrumbList","@id":"https:\/\/impulzusmusic.com\/en\/application-choral-vocal-trainings\/#breadcrumb","itemListElement":[{"@type":"ListItem","position":1,"name":"Home","item":"https:\/\/impulzusmusic.com\/en\/"},{"@type":"ListItem","position":2,"name":"Application &#8211; Choiral Vocal Trainings"}]},{"@type":"WebSite","@id":"https:\/\/impulzusmusic.com\/en\/#website","url":"https:\/\/impulzusmusic.com\/en\/","name":"ImPulzus","description":"Kreat\u00edv Zenei M\u0171hely","publisher":{"@id":"https:\/\/impulzusmusic.com\/en\/#organization"},"potentialAction":[{"@type":"SearchAction","target":{"@type":"EntryPoint","urlTemplate":"https:\/\/impulzusmusic.com\/en\/?s={search_term_string}"},"query-input":{"@type":"PropertyValueSpecification","valueRequired":true,"valueName":"search_term_string"}}],"inLanguage":"en-US"},{"@type":"Organization","@id":"https:\/\/impulzusmusic.com\/en\/#organization","name":"ImPulzus Kreat\u00edv Zenei M\u0171hely","url":"https:\/\/impulzusmusic.com\/en\/","logo":{"@type":"ImageObject","inLanguage":"en-US","@id":"https:\/\/impulzusmusic.com\/en\/#\/schema\/logo\/image\/","url":"https:\/\/impulzusmusic.com\/wp-content\/uploads\/2018\/08\/logo_uj.png","contentUrl":"https:\/\/impulzusmusic.com\/wp-content\/uploads\/2018\/08\/logo_uj.png","width":2316,"height":824,"caption":"ImPulzus Kreat\u00edv Zenei M\u0171hely"},"image":{"@id":"https:\/\/impulzusmusic.com\/en\/#\/schema\/logo\/image\/"},"sameAs":["https:\/\/www.facebook.com\/impulzusmusic","https:\/\/www.instagram.com\/impulzusmusic\/","https:\/\/www.linkedin.com\/company\/impulzusmusic\/"]}]}},"_links":{"self":[{"href":"https:\/\/impulzusmusic.com\/en\/wp-json\/wp\/v2\/pages\/4177","targetHints":{"allow":["GET"]}}],"collection":[{"href":"https:\/\/impulzusmusic.com\/en\/wp-json\/wp\/v2\/pages"}],"about":[{"href":"https:\/\/impulzusmusic.com\/en\/wp-json\/wp\/v2\/types\/page"}],"author":[{"embeddable":true,"href":"https:\/\/impulzusmusic.com\/en\/wp-json\/wp\/v2\/users\/1"}],"replies":[{"embeddable":true,"href":"https:\/\/impulzusmusic.com\/en\/wp-json\/wp\/v2\/comments?post=4177"}],"version-history":[{"count":0,"href":"https:\/\/impulzusmusic.com\/en\/wp-json\/wp\/v2\/pages\/4177\/revisions"}],"wp:attachment":[{"href":"https:\/\/impulzusmusic.com\/en\/wp-json\/wp\/v2\/media?parent=4177"}],"curies":[{"name":"wp","href":"https:\/\/api.w.org\/{rel}","templated":true}]}}