{"id":5438,"date":"2020-02-09T09:51:09","date_gmt":"2020-02-09T09:51:09","guid":{"rendered":"https:\/\/impulzusmusic.com\/korushangkepzes-korusoknak-tabor\/"},"modified":"2021-01-17T15:19:11","modified_gmt":"2021-01-17T15:19:11","slug":"choral-vocal-training-for-choirs-choral-vocal-training-camp","status":"publish","type":"page","link":"https:\/\/impulzusmusic.com\/en\/choral-vocal-training-for-choirs-choral-vocal-training-camp\/","title":{"rendered":"Choral Vocal Training for choirs &#8211; Choral vocal training camp"},"content":{"rendered":"<p>[vc_row equal_height=&#8221;yes&#8221; css=&#8221;.vc_custom_1537193782709{padding-bottom: 30px !important;background-color: #fe4c3f !important;background-position: center !important;background-repeat: no-repeat !important;background-size: cover !important;}&#8221;][vc_column][special_heading title=&#8221;Choral Vocal Training for choirs&#8221; subtitle=&#8221;Choral vocal training camp&#8221; align=&#8221;center&#8221; heading_color=&#8221;accent-2&#8243; subtitle_fs=&#8221;26px&#8221; subtitle_color=&#8221;accent-2&#8243; el_class=&#8221;korushangkepzescim&#8221;][\/vc_column][\/vc_row][vc_row][vc_column width=&#8221;1\/3&#8243;][vc_single_image image=&#8221;4772&#8243;][\/vc_column][vc_column width=&#8221;1\/3&#8243;][vc_single_image image=&#8221;4760&#8243;][\/vc_column][vc_column width=&#8221;1\/3&#8243;][vc_single_image image=&#8221;3446&#8243;][\/vc_column][\/vc_row][vc_row equal_height=&#8221;yes&#8221; content_placement=&#8221;middle&#8221; css=&#8221;.vc_custom_1551447062359{padding-top: 60px !important;padding-bottom: 60px !important;background-color: #ebebeb !important;background-position: center !important;background-repeat: no-repeat !important;background-size: cover !important;}&#8221;][vc_column width=&#8221;1\/6&#8243;][\/vc_column][vc_column width=&#8221;2\/3&#8243;][vc_column_text]<\/p>\n<h2 style=\"text-align: left;\"><span style=\"color: #000000;\">Choral vocal training camp<\/span><\/h2>\n<h4 style=\"text-align: left;\"><span style=\"color: #000000;\">16000 Ft* <span style=\"font-weight: 400;\">\/ person \/ workshop<\/span><\/span><\/h4>\n<p>[\/vc_column_text][vc_column_text]<span style=\"font-weight: 400;\">The most effective form of any choir work is a weekend choir camp, which we now organize entirely with a voice training focus: we spend a<\/span><strong> weekend together<\/strong><span style=\"font-weight: 400;\"> with the choir, where we work together for two days, <\/span><strong>playing games<\/strong><span style=\"font-weight: 400;\">,<\/span><strong> vocal tasks<\/strong><span style=\"font-weight: 400;\">, sometimes together and sometimes in small groups. If requested, a personal meeting with one or two singers may take place within the agreed timeframe.<\/span><\/p>\n<p><span style=\"font-weight: 400;\">If the choir organizes its own camp in the summer or during the year, it can also be joined, which includes a compressed version of the usual weekly material. During the weekend we have several <\/span><strong>joint occasions<\/strong><span style=\"font-weight: 400;\"> and we try to practice the newly acquired technical elements in our own repertoire.<\/span><\/p>\n<p><span style=\"font-weight: 400;\">\u00a0During the breaks we organize<\/span><strong> small group or individual events <\/strong><span style=\"font-weight: 400;\">where everyone gets more attention personally, and there are opportunities to discuss individual problems and questions.<\/span><\/p>\n<p><span style=\"font-weight: 400;\">* For larger choirs, we offer an individual discount. In case of an external location, the total cost of the camp is supplemented with the accommodation fee.<\/span>[\/vc_column_text][vntd_list items=&#8221;a full weekend,10am to 6pm (sometimes longer),optional location,joint and group lessons,surprise gift at the end&#8221; icon=&#8221;fa fa-check&#8221;][\/vc_column][vc_column width=&#8221;1\/6&#8243;][\/vc_column][\/vc_row][vc_row css=&#8221;.vc_custom_1551448264645{padding-top: 60px !important;padding-bottom: 60px !important;background-color: #fe4c3f !important;}&#8221;][vc_column][vntd_button label=&#8221;Apply&#8221; color=&#8221;custom&#8221; size=&#8221;xlarge&#8221; align=&#8221;center&#8221; text_transform=&#8221;none&#8221; color_custom=&#8221;#ffffff&#8221; url=&#8221;url:https%3A%2F%2Fimpulzusmusic.com%2Fapplication-for-choirs%2F||target:%20_blank|&#8221;][\/vc_column][\/vc_row][vc_row][vc_column width=&#8221;1\/3&#8243;][vc_single_image image=&#8221;4352&#8243;][\/vc_column][vc_column width=&#8221;1\/3&#8243;][vc_single_image image=&#8221;3712&#8243;][\/vc_column][vc_column width=&#8221;1\/3&#8243;][vc_single_image image=&#8221;4746&#8243;][\/vc_column][\/vc_row][vc_row equal_height=&#8221;yes&#8221; bg_color_pre=&#8221;bg-color-accent-3&#8243; css=&#8221;.vc_custom_1537194094507{padding-top: 50px !important;padding-bottom: 30px !important;background-position: center !important;background-repeat: no-repeat !important;background-size: cover !important;}&#8221;][vc_column width=&#8221;1\/5&#8243;][icon_box title=&#8221;Organic movements for comfortable singing&#8221; text=&#8221;&#8221; style=&#8221;centered-circle&#8221; color=&#8221;custom&#8221; color_custom=&#8221;#fe4c3f&#8221; icon_fontawesome=&#8221;fa fa-check&#8221;][\/vc_column][vc_column width=&#8221;1\/5&#8243;][icon_box title=&#8221;Tiny tricks for a mutual, clean sound&#8221; text=&#8221;&#8221; style=&#8221;centered-circle&#8221; color=&#8221;custom&#8221; color_custom=&#8221;#fe4c3f&#8221; icon_fontawesome=&#8221;fa fa-check&#8221;][\/vc_column][vc_column width=&#8221;1\/5&#8243;][icon_box title=&#8221;Basics of stage motion&#8221; text=&#8221;&#8221; style=&#8221;centered-circle&#8221; color=&#8221;custom&#8221; color_custom=&#8221;#fe4c3f&#8221; icon_fontawesome=&#8221;fa fa-check&#8221;][\/vc_column][vc_column width=&#8221;1\/5&#8243;][icon_box title=&#8221;Strengthening of your own personal tone&#8221; text=&#8221;&#8221; style=&#8221;centered-circle&#8221; color=&#8221;custom&#8221; color_custom=&#8221;#fe4c3f&#8221; icon_fontawesome=&#8221;fa fa-check&#8221;][\/vc_column][vc_column width=&#8221;1\/5&#8243;][icon_box title=&#8221;How do you reinforce this in other areas of your life?&#8221; text=&#8221;&#8221; style=&#8221;centered-circle&#8221; color=&#8221;custom&#8221; color_custom=&#8221;#fe4c3f&#8221; icon_fontawesome=&#8221;fa fa-check&#8221;][\/vc_column][\/vc_row][vc_row css=&#8221;.vc_custom_1551446272362{padding-top: 50px !important;padding-bottom: 10px !important;}&#8221;][vc_column][vc_column_text]<\/p>\n<h2 style=\"text-align: center;\">More options for choirs:<\/h2>\n<p>[\/vc_column_text][\/vc_column][\/vc_row][vc_row equal_height=&#8221;yes&#8221; bg_color_pre=&#8221;bg-color-accent-2&#8243; css=&#8221;.vc_custom_1581237590199{padding-top: 20px !important;}&#8221; el_class=&#8221;hangkepzesalul&#8221;][vc_column width=&#8221;1\/6&#8243; css=&#8221;.vc_custom_1551445142587{background-color: #ffffff !important;}&#8221;][\/vc_column][vc_column width=&#8221;2\/6&#8243; css=&#8221;.vc_custom_1551447267538{margin-right: 15px !important;margin-bottom: 30px !important;margin-left: 15px !important;border-right-width: 1px !important;border-bottom-width: 1px !important;border-left-width: 1px !important;padding-top: 0px !important;padding-right: 0px !important;padding-bottom: 30px !important;padding-left: 0px !important;background-color: #ebebeb !important;border-left-color: #fe4c3f !important;border-left-style: solid !important;border-right-color: #fe4c3f !important;border-right-style: solid !important;border-bottom-color: #fe4c3f !important;border-bottom-style: solid !important;}&#8221;][vc_column_text text_color=&#8221;white&#8221; css=&#8221;.vc_custom_1609793897126{margin-bottom: 0px !important;border-bottom-width: 0px !important;padding-top: 40px !important;padding-right: 30px !important;padding-bottom: 30px !important;padding-left: 30px !important;background-color: #fe4c3f !important;}&#8221;]<\/p>\n<h4 style=\"text-align: center;\"><span style=\"font-weight: 400;\">Choral vocal training together<\/span><\/h4>\n<p style=\"text-align: center; padding-top: 10px;\"><span style=\"color: #ffffff;\"><span style=\"font-size: 15px;\">over 20 people <\/span><span style=\"font-size: 35px;\">1300 HUF<\/span><\/span><\/p>\n<p style=\"text-align: center;\"><span style=\"color: #ffffff;\">\/ person \/ session<\/span><\/p>\n<p style=\"text-align: center; padding-top: 10px;\"><span style=\"color: #ffffff;\"><span style=\"font-size: 15px;\">under 20 people <\/span><span style=\"font-size: 35px;\">1600 HUF<\/span><\/span><\/p>\n<p style=\"text-align: center;\"><span style=\"color: #ffffff;\">\/ person \/ session<\/span><\/p>\n<p>[\/vc_column_text][vc_column_text css=&#8221;.vc_custom_1581683655184{margin-bottom: 0px !important;padding-top: 30px !important;padding-right: 30px !important;padding-bottom: 30px !important;padding-left: 30px !important;}&#8221;]<\/p>\n<p style=\"text-align: center;\"><span style=\"font-weight: 400;\">For those who are looking for a simple, weekly, jointly fit form, we recommend the whole choir package: We work with the band 10 times, even at the choir&#8217;s own weekly rehearsal. By the end of the period, our goal is to make choir members consider their voices a kind of instrument that, with proper care, attention and regular use of basic technical tools, will become a much healthier, nicer sound.<\/span><\/p>\n<p>[\/vc_column_text][vc_row_inner][vc_column_inner css=&#8221;.vc_custom_1551447435912{padding-right: 40px !important;padding-left: 40px !important;}&#8221;][vntd_list items=&#8221;For 10 weeks,1 x 50 minutes per week,In downtown of Budapest or at your location,together with the whole choir,surprise gift at the end&#8221; icon=&#8221;fa fa-check&#8221;][\/vc_column_inner][\/vc_row_inner][vc_column_text]<\/p>\n<p style=\"text-align: center;\"><a href=\"https:\/\/impulzusmusic.com\/korushangkepzes-korusoknak-kozosen\/\"><strong>More<\/strong><\/a><\/p>\n<p>[\/vc_column_text][vntd_button label=&#8221;Apply&#8221; color=&#8221;custom&#8221; align=&#8221;center&#8221; color_custom=&#8221;#fe4c3f&#8221; url=&#8221;url:https%3A%2F%2Fimpulzusmusic.com%2Fapplication-for-choirs%2F||target:%20_blank|&#8221;][\/vc_column][vc_column width=&#8221;2\/6&#8243; css=&#8221;.vc_custom_1551445152371{margin-right: 15px !important;margin-bottom: 30px !important;margin-left: 15px !important;border-right-width: 1px !important;border-bottom-width: 1px !important;border-left-width: 1px !important;padding-right: 0px !important;padding-bottom: 30px !important;padding-left: 0px !important;border-left-color: #fe4c3f !important;border-left-style: solid !important;border-right-color: #fe4c3f !important;border-right-style: solid !important;border-bottom-color: #fe4c3f !important;border-bottom-style: solid !important;}&#8221;][vc_column_text css=&#8221;.vc_custom_1609793912838{margin-bottom: 0px !important;border-bottom-width: 0px !important;padding-top: 40px !important;padding-right: 30px !important;padding-bottom: 30px !important;padding-left: 30px !important;background-color: #fe4c3f !important;}&#8221;]<\/p>\n<h4 style=\"text-align: center;\"><span style=\"color: #ffffff;\">Group sessions of 3-4 people<\/span><\/h4>\n<h1 style=\"text-align: center;\"><span style=\"color: #ffffff;\">3300 Ft<\/span><\/h1>\n<p style=\"text-align: center;\"><span style=\"color: #ffffff;\">\/ person \/ session<\/span><\/p>\n<p>[\/vc_column_text][vc_column_text css=&#8221;.vc_custom_1581683884152{margin-bottom: 0px !important;padding-top: 30px !important;padding-right: 30px !important;padding-bottom: 30px !important;padding-left: 30px !important;}&#8221;]<\/p>\n<p style=\"text-align: center;\"><span style=\"font-weight: 400;\">For those who want to go deeper into the subject,\u00a0 want the choir members to get to know the characteristics of their voice individually and can be a little more flexible in time &#8211; up to 30 minutes a week at a appointment &#8211; we recommend this package, which also includes 10 weeks of teamwork , but here in small groups of 3, even with chamber singing.<\/span><\/p>\n<p>[\/vc_column_text][vc_row_inner][vc_column_inner css=&#8221;.vc_custom_1551447444081{padding-right: 40px !important;padding-left: 40px !important;}&#8221;][vntd_list items=&#8221;For 10 weeks,1 x 30 minutes per week,In downtown of Budapest,for three people together,surprise gift at the end&#8221; icon=&#8221;fa fa-check&#8221;][\/vc_column_inner][\/vc_row_inner][vc_column_text]<\/p>\n<p style=\"text-align: center;\"><a href=\"https:\/\/impulzusmusic.com\/korushangkepzes-korusoknak-csoportos\/\"><strong>More<\/strong><\/a><\/p>\n<p>[\/vc_column_text][vntd_button label=&#8221;Apply&#8221; color=&#8221;custom&#8221; color_text=&#8221;dark&#8221; align=&#8221;center&#8221; color_custom=&#8221;#fe4c3f&#8221; url=&#8221;url:https%3A%2F%2Fimpulzusmusic.com%2Fapplication-for-choirs%2F||target:%20_blank|&#8221;][\/vc_column][vc_column width=&#8221;1\/6&#8243;][\/vc_column][\/vc_row][vc_row equal_height=&#8221;yes&#8221; bg_color_pre=&#8221;bg-color-accent-2&#8243; css=&#8221;.vc_custom_1581237696105{padding-top: 20px !important;padding-bottom: 60px !important;}&#8221; el_class=&#8221;hangkepzesalul&#8221;][vc_column width=&#8221;1\/6&#8243; css=&#8221;.vc_custom_1551445142587{background-color: #ffffff !important;}&#8221;][\/vc_column][vc_column width=&#8221;4\/6&#8243; css=&#8221;.vc_custom_1581237565616{margin-top: 0px !important;padding-top: 0px !important;}&#8221;][\/vc_column][vc_column width=&#8221;1\/6&#8243; css=&#8221;.vc_custom_1581237404525{margin-right: 15px !important;margin-left: 15px !important;padding-right: 0px !important;padding-left: 0px !important;}&#8221;][\/vc_column][\/vc_row][vc_row bg_color_pre=&#8221;bg-color-accent-3&#8243; css=&#8221;.vc_custom_1599740454583{padding-top: 60px !important;padding-bottom: 60px !important;}&#8221;][vc_column][vc_column_text css=&#8221;.vc_custom_1599740480375{padding-bottom: 30px !important;}&#8221;]<\/p>\n<h3 style=\"text-align: center;\">Related blog posts:<\/h3>\n<p>[\/vc_column_text][vc_row_inner][vc_column_inner][blog_carousel cats=&#8221;75&#8243;][\/vc_column_inner][\/vc_row_inner][\/vc_column][\/vc_row][vc_row color_scheme=&#8221;white&#8221; bg_color_pre=&#8221;bg-color-accent&#8221; css=&#8221;.vc_custom_1537897973631{padding-top: 60px !important;padding-bottom: 10px !important;}&#8221;][vc_column][vntd_testimonials cats=&#8221;mondasok-en&#8221; bullet_nav=&#8221;&#8221; autoplay_timeout=&#8221;5000&#8243;][\/vc_column][\/vc_row]<\/p>\n","protected":false},"excerpt":{"rendered":"<p>[vc_row equal_height=&#8221;yes&#8221; css=&#8221;.vc_custom_1537193782709{padding-bottom: 30px !important;background-color: #fe4c3f !important;background-position: center !important;background-repeat: no-repeat !important;background-size: cover !important;}&#8221;][vc_column][special_heading title=&#8221;Choral Vocal Training for choirs&#8221; subtitle=&#8221;Choral vocal training camp&#8221; align=&#8221;center&#8221; heading_color=&#8221;accent-2&#8243; subtitle_fs=&#8221;26px&#8221; subtitle_color=&#8221;accent-2&#8243; el_class=&#8221;korushangkepzescim&#8221;][\/vc_column][\/vc_row][vc_row][vc_column width=&#8221;1\/3&#8243;][vc_single_image image=&#8221;4772&#8243;][\/vc_column][vc_column width=&#8221;1\/3&#8243;][vc_single_image image=&#8221;4760&#8243;][\/vc_column][vc_column width=&#8221;1\/3&#8243;][vc_single_image image=&#8221;3446&#8243;][\/vc_column][\/vc_row][vc_row equal_height=&#8221;yes&#8221; content_placement=&#8221;middle&#8221; css=&#8221;.vc_custom_1551447062359{padding-top: 60px !important;padding-bottom: 60px !important;background-color: #ebebeb !important;background-position: center !important;background-repeat: no-repeat !important;background-size: cover !important;}&#8221;][vc_column width=&#8221;1\/6&#8243;][\/vc_column][vc_column width=&#8221;2\/3&#8243;][vc_column_text] Choral vocal training camp 16000 [&hellip;]<\/p>\n","protected":false},"author":1,"featured_media":4412,"parent":0,"menu_order":0,"comment_status":"closed","ping_status":"closed","template":"","meta":{"_et_pb_use_builder":"on","_et_pb_old_content":"","_et_gb_content_width":"","inline_featured_image":false,"footnotes":""},"class_list":["post-5438","page","type-page","status-publish","has-post-thumbnail","hentry"],"yoast_head":"<!-- This site is optimized with the Yoast SEO Premium plugin v27.4 (Yoast SEO v27.4) - https:\/\/yoast.com\/product\/yoast-seo-premium-wordpress\/ -->\n<title>Choral Vocal Training for choirs - Choral vocal training camp - ImPulzus<\/title>\n<meta name=\"robots\" content=\"index, follow, max-snippet:-1, max-image-preview:large, max-video-preview:-1\" \/>\n<link rel=\"canonical\" href=\"https:\/\/impulzusmusic.com\/en\/choral-vocal-training-for-choirs-choral-vocal-training-camp\/\" \/>\n<meta property=\"og:locale\" content=\"en_US\" \/>\n<meta property=\"og:type\" content=\"article\" \/>\n<meta property=\"og:title\" content=\"Choral Vocal Training for choirs - Choral vocal training camp\" \/>\n<meta property=\"og:description\" content=\"Choral vocal training camp 16000 Ft* \/ person \/ workshop The most effective form of any choir work is a weekend choir camp, which we now organize entirely\" \/>\n<meta property=\"og:url\" content=\"https:\/\/impulzusmusic.com\/en\/choral-vocal-training-for-choirs-choral-vocal-training-camp\/\" \/>\n<meta property=\"og:site_name\" content=\"ImPulzus\" \/>\n<meta property=\"article:publisher\" content=\"https:\/\/www.facebook.com\/impulzusmusic\" \/>\n<meta property=\"article:modified_time\" content=\"2021-01-17T15:19:11+00:00\" \/>\n<meta property=\"og:image\" content=\"https:\/\/impulzusmusic.com\/wp-content\/uploads\/2019\/11\/impulzus_mesterkurzus_okt-47.jpg\" \/>\n\t<meta property=\"og:image:width\" content=\"1500\" \/>\n\t<meta property=\"og:image:height\" content=\"997\" \/>\n\t<meta property=\"og:image:type\" content=\"image\/jpeg\" \/>\n<meta name=\"twitter:card\" content=\"summary_large_image\" \/>\n<meta name=\"twitter:label1\" content=\"Est. reading time\" \/>\n\t<meta name=\"twitter:data1\" content=\"7 minutes\" \/>\n<script type=\"application\/ld+json\" class=\"yoast-schema-graph\">{\"@context\":\"https:\\\/\\\/schema.org\",\"@graph\":[{\"@type\":\"WebPage\",\"@id\":\"https:\\\/\\\/impulzusmusic.com\\\/en\\\/choral-vocal-training-for-choirs-choral-vocal-training-camp\\\/\",\"url\":\"https:\\\/\\\/impulzusmusic.com\\\/en\\\/choral-vocal-training-for-choirs-choral-vocal-training-camp\\\/\",\"name\":\"Choral Vocal Training for choirs - Choral vocal training camp - ImPulzus\",\"isPartOf\":{\"@id\":\"https:\\\/\\\/impulzusmusic.com\\\/en\\\/#website\"},\"primaryImageOfPage\":{\"@id\":\"https:\\\/\\\/impulzusmusic.com\\\/en\\\/choral-vocal-training-for-choirs-choral-vocal-training-camp\\\/#primaryimage\"},\"image\":{\"@id\":\"https:\\\/\\\/impulzusmusic.com\\\/en\\\/choral-vocal-training-for-choirs-choral-vocal-training-camp\\\/#primaryimage\"},\"thumbnailUrl\":\"https:\\\/\\\/impulzusmusic.com\\\/wp-content\\\/uploads\\\/2019\\\/11\\\/impulzus_mesterkurzus_okt-47.jpg\",\"datePublished\":\"2020-02-09T09:51:09+00:00\",\"dateModified\":\"2021-01-17T15:19:11+00:00\",\"breadcrumb\":{\"@id\":\"https:\\\/\\\/impulzusmusic.com\\\/en\\\/choral-vocal-training-for-choirs-choral-vocal-training-camp\\\/#breadcrumb\"},\"inLanguage\":\"en-US\",\"potentialAction\":[{\"@type\":\"ReadAction\",\"target\":[\"https:\\\/\\\/impulzusmusic.com\\\/en\\\/choral-vocal-training-for-choirs-choral-vocal-training-camp\\\/\"]}]},{\"@type\":\"ImageObject\",\"inLanguage\":\"en-US\",\"@id\":\"https:\\\/\\\/impulzusmusic.com\\\/en\\\/choral-vocal-training-for-choirs-choral-vocal-training-camp\\\/#primaryimage\",\"url\":\"https:\\\/\\\/impulzusmusic.com\\\/wp-content\\\/uploads\\\/2019\\\/11\\\/impulzus_mesterkurzus_okt-47.jpg\",\"contentUrl\":\"https:\\\/\\\/impulzusmusic.com\\\/wp-content\\\/uploads\\\/2019\\\/11\\\/impulzus_mesterkurzus_okt-47.jpg\",\"width\":1500,\"height\":997,\"caption\":\"k\u00f3rushangk\u00e9pz\u00e9s\"},{\"@type\":\"BreadcrumbList\",\"@id\":\"https:\\\/\\\/impulzusmusic.com\\\/en\\\/choral-vocal-training-for-choirs-choral-vocal-training-camp\\\/#breadcrumb\",\"itemListElement\":[{\"@type\":\"ListItem\",\"position\":1,\"name\":\"Home\",\"item\":\"https:\\\/\\\/impulzusmusic.com\\\/en\\\/\"},{\"@type\":\"ListItem\",\"position\":2,\"name\":\"Choral Vocal Training for choirs &#8211; Choral vocal training camp\"}]},{\"@type\":\"WebSite\",\"@id\":\"https:\\\/\\\/impulzusmusic.com\\\/en\\\/#website\",\"url\":\"https:\\\/\\\/impulzusmusic.com\\\/en\\\/\",\"name\":\"ImPulzus\",\"description\":\"Kreat\u00edv Zenei M\u0171hely\",\"publisher\":{\"@id\":\"https:\\\/\\\/impulzusmusic.com\\\/en\\\/#organization\"},\"potentialAction\":[{\"@type\":\"SearchAction\",\"target\":{\"@type\":\"EntryPoint\",\"urlTemplate\":\"https:\\\/\\\/impulzusmusic.com\\\/en\\\/?s={search_term_string}\"},\"query-input\":{\"@type\":\"PropertyValueSpecification\",\"valueRequired\":true,\"valueName\":\"search_term_string\"}}],\"inLanguage\":\"en-US\"},{\"@type\":\"Organization\",\"@id\":\"https:\\\/\\\/impulzusmusic.com\\\/en\\\/#organization\",\"name\":\"ImPulzus Kreat\u00edv Zenei M\u0171hely\",\"url\":\"https:\\\/\\\/impulzusmusic.com\\\/en\\\/\",\"logo\":{\"@type\":\"ImageObject\",\"inLanguage\":\"en-US\",\"@id\":\"https:\\\/\\\/impulzusmusic.com\\\/en\\\/#\\\/schema\\\/logo\\\/image\\\/\",\"url\":\"https:\\\/\\\/impulzusmusic.com\\\/wp-content\\\/uploads\\\/2018\\\/08\\\/logo_uj.png\",\"contentUrl\":\"https:\\\/\\\/impulzusmusic.com\\\/wp-content\\\/uploads\\\/2018\\\/08\\\/logo_uj.png\",\"width\":2316,\"height\":824,\"caption\":\"ImPulzus Kreat\u00edv Zenei M\u0171hely\"},\"image\":{\"@id\":\"https:\\\/\\\/impulzusmusic.com\\\/en\\\/#\\\/schema\\\/logo\\\/image\\\/\"},\"sameAs\":[\"https:\\\/\\\/www.facebook.com\\\/impulzusmusic\",\"https:\\\/\\\/www.instagram.com\\\/impulzusmusic\\\/\",\"https:\\\/\\\/www.linkedin.com\\\/company\\\/impulzusmusic\\\/\"]}]}<\/script>\n<!-- \/ Yoast SEO Premium plugin. -->","yoast_head_json":{"title":"Choral Vocal Training for choirs - Choral vocal training camp - ImPulzus","robots":{"index":"index","follow":"follow","max-snippet":"max-snippet:-1","max-image-preview":"max-image-preview:large","max-video-preview":"max-video-preview:-1"},"canonical":"https:\/\/impulzusmusic.com\/en\/choral-vocal-training-for-choirs-choral-vocal-training-camp\/","og_locale":"en_US","og_type":"article","og_title":"Choral Vocal Training for choirs - Choral vocal training camp","og_description":"Choral vocal training camp 16000 Ft* \/ person \/ workshop The most effective form of any choir work is a weekend choir camp, which we now organize entirely","og_url":"https:\/\/impulzusmusic.com\/en\/choral-vocal-training-for-choirs-choral-vocal-training-camp\/","og_site_name":"ImPulzus","article_publisher":"https:\/\/www.facebook.com\/impulzusmusic","article_modified_time":"2021-01-17T15:19:11+00:00","og_image":[{"width":1500,"height":997,"url":"https:\/\/impulzusmusic.com\/wp-content\/uploads\/2019\/11\/impulzus_mesterkurzus_okt-47.jpg","type":"image\/jpeg"}],"twitter_card":"summary_large_image","twitter_misc":{"Est. reading time":"7 minutes"},"schema":{"@context":"https:\/\/schema.org","@graph":[{"@type":"WebPage","@id":"https:\/\/impulzusmusic.com\/en\/choral-vocal-training-for-choirs-choral-vocal-training-camp\/","url":"https:\/\/impulzusmusic.com\/en\/choral-vocal-training-for-choirs-choral-vocal-training-camp\/","name":"Choral Vocal Training for choirs - Choral vocal training camp - ImPulzus","isPartOf":{"@id":"https:\/\/impulzusmusic.com\/en\/#website"},"primaryImageOfPage":{"@id":"https:\/\/impulzusmusic.com\/en\/choral-vocal-training-for-choirs-choral-vocal-training-camp\/#primaryimage"},"image":{"@id":"https:\/\/impulzusmusic.com\/en\/choral-vocal-training-for-choirs-choral-vocal-training-camp\/#primaryimage"},"thumbnailUrl":"https:\/\/impulzusmusic.com\/wp-content\/uploads\/2019\/11\/impulzus_mesterkurzus_okt-47.jpg","datePublished":"2020-02-09T09:51:09+00:00","dateModified":"2021-01-17T15:19:11+00:00","breadcrumb":{"@id":"https:\/\/impulzusmusic.com\/en\/choral-vocal-training-for-choirs-choral-vocal-training-camp\/#breadcrumb"},"inLanguage":"en-US","potentialAction":[{"@type":"ReadAction","target":["https:\/\/impulzusmusic.com\/en\/choral-vocal-training-for-choirs-choral-vocal-training-camp\/"]}]},{"@type":"ImageObject","inLanguage":"en-US","@id":"https:\/\/impulzusmusic.com\/en\/choral-vocal-training-for-choirs-choral-vocal-training-camp\/#primaryimage","url":"https:\/\/impulzusmusic.com\/wp-content\/uploads\/2019\/11\/impulzus_mesterkurzus_okt-47.jpg","contentUrl":"https:\/\/impulzusmusic.com\/wp-content\/uploads\/2019\/11\/impulzus_mesterkurzus_okt-47.jpg","width":1500,"height":997,"caption":"k\u00f3rushangk\u00e9pz\u00e9s"},{"@type":"BreadcrumbList","@id":"https:\/\/impulzusmusic.com\/en\/choral-vocal-training-for-choirs-choral-vocal-training-camp\/#breadcrumb","itemListElement":[{"@type":"ListItem","position":1,"name":"Home","item":"https:\/\/impulzusmusic.com\/en\/"},{"@type":"ListItem","position":2,"name":"Choral Vocal Training for choirs &#8211; Choral vocal training camp"}]},{"@type":"WebSite","@id":"https:\/\/impulzusmusic.com\/en\/#website","url":"https:\/\/impulzusmusic.com\/en\/","name":"ImPulzus","description":"Kreat\u00edv Zenei M\u0171hely","publisher":{"@id":"https:\/\/impulzusmusic.com\/en\/#organization"},"potentialAction":[{"@type":"SearchAction","target":{"@type":"EntryPoint","urlTemplate":"https:\/\/impulzusmusic.com\/en\/?s={search_term_string}"},"query-input":{"@type":"PropertyValueSpecification","valueRequired":true,"valueName":"search_term_string"}}],"inLanguage":"en-US"},{"@type":"Organization","@id":"https:\/\/impulzusmusic.com\/en\/#organization","name":"ImPulzus Kreat\u00edv Zenei M\u0171hely","url":"https:\/\/impulzusmusic.com\/en\/","logo":{"@type":"ImageObject","inLanguage":"en-US","@id":"https:\/\/impulzusmusic.com\/en\/#\/schema\/logo\/image\/","url":"https:\/\/impulzusmusic.com\/wp-content\/uploads\/2018\/08\/logo_uj.png","contentUrl":"https:\/\/impulzusmusic.com\/wp-content\/uploads\/2018\/08\/logo_uj.png","width":2316,"height":824,"caption":"ImPulzus Kreat\u00edv Zenei M\u0171hely"},"image":{"@id":"https:\/\/impulzusmusic.com\/en\/#\/schema\/logo\/image\/"},"sameAs":["https:\/\/www.facebook.com\/impulzusmusic","https:\/\/www.instagram.com\/impulzusmusic\/","https:\/\/www.linkedin.com\/company\/impulzusmusic\/"]}]}},"_links":{"self":[{"href":"https:\/\/impulzusmusic.com\/en\/wp-json\/wp\/v2\/pages\/5438","targetHints":{"allow":["GET"]}}],"collection":[{"href":"https:\/\/impulzusmusic.com\/en\/wp-json\/wp\/v2\/pages"}],"about":[{"href":"https:\/\/impulzusmusic.com\/en\/wp-json\/wp\/v2\/types\/page"}],"author":[{"embeddable":true,"href":"https:\/\/impulzusmusic.com\/en\/wp-json\/wp\/v2\/users\/1"}],"replies":[{"embeddable":true,"href":"https:\/\/impulzusmusic.com\/en\/wp-json\/wp\/v2\/comments?post=5438"}],"version-history":[{"count":0,"href":"https:\/\/impulzusmusic.com\/en\/wp-json\/wp\/v2\/pages\/5438\/revisions"}],"wp:featuredmedia":[{"embeddable":true,"href":"https:\/\/impulzusmusic.com\/en\/wp-json\/wp\/v2\/media\/4412"}],"wp:attachment":[{"href":"https:\/\/impulzusmusic.com\/en\/wp-json\/wp\/v2\/media?parent=5438"}],"curies":[{"name":"wp","href":"https:\/\/api.w.org\/{rel}","templated":true}]}}