{"id":8011,"date":"2020-10-16T12:02:37","date_gmt":"2020-10-16T12:02:37","guid":{"rendered":"https:\/\/impulzusmusic.com\/jelentkezes-vezenyles\/"},"modified":"2023-03-09T17:42:54","modified_gmt":"2023-03-09T17:42:54","slug":"application-for-choir-building-and-conducting","status":"publish","type":"page","link":"https:\/\/impulzusmusic.com\/en\/application-for-choir-building-and-conducting\/","title":{"rendered":"Application for choir building and conducting"},"content":{"rendered":"<p>[et_pb_section fb_built=&#8221;1&#8243; _builder_version=&#8221;4.18.0&#8243; _module_preset=&#8221;default&#8221; use_background_color_gradient=&#8221;on&#8221; background_color_gradient_direction=&#8221;125deg&#8221; background_color_gradient_stops=&#8221;#2674d4 0%|rgba(26, 60, 101, 1) 44%|#111111 100%&#8221; background_image=&#8221;https:\/\/impulzusmusic.com\/wp-content\/uploads\/2023\/01\/DSC_0903_kicsi_ff_ff.jpg&#8221; background_blend=&#8221;soft-light&#8221; custom_padding=&#8221;112px||161px|||&#8221; bottom_divider_style=&#8221;slant&#8221; bottom_divider_color=&#8221;#FFFFFF&#8221; bottom_divider_height=&#8221;170px&#8221; bottom_divider_flip=&#8221;horizontal&#8221; locked=&#8221;off&#8221; global_colors_info=&#8221;{}&#8221;][et_pb_row _builder_version=&#8221;4.18.0&#8243; _module_preset=&#8221;default&#8221; custom_margin=&#8221;-102px|auto||auto||&#8221; global_colors_info=&#8221;{}&#8221;][et_pb_column type=&#8221;4_4&#8243; _builder_version=&#8221;4.18.0&#8243; _module_preset=&#8221;default&#8221; global_colors_info=&#8221;{}&#8221;][et_pb_image src=&#8221;https:\/\/impulzusmusic.com\/wp-content\/uploads\/2019\/04\/logo_uj_feher.png&#8221; title_text=&#8221;logo_uj_feher&#8221; _builder_version=&#8221;4.18.0&#8243; _module_preset=&#8221;default&#8221; width=&#8221;200px&#8221; global_colors_info=&#8221;{}&#8221;][\/et_pb_image][\/et_pb_column][\/et_pb_row][et_pb_row _builder_version=&#8221;4.18.0&#8243; _module_preset=&#8221;default&#8221; global_colors_info=&#8221;{}&#8221;][et_pb_column type=&#8221;4_4&#8243; _builder_version=&#8221;4.18.0&#8243; _module_preset=&#8221;default&#8221; global_colors_info=&#8221;{}&#8221;][et_pb_text _builder_version=&#8221;4.18.0&#8243; _module_preset=&#8221;7570261c-e6e7-44c7-8c59-f0df5268c4c2&#8243; text_font_size=&#8221;15.6px&#8221; global_colors_info=&#8221;{}&#8221;]<\/p>\n<h1 class=\"special-heading-title\" style=\"text-align: center;\"><span style=\"color: #ffffff;\">Choir building and conducting<\/span><\/h1>\n<h4 class=\"special-heading-subtitle\" style=\"text-align: center;\"><span style=\"color: #ffffff;\">For practicing and to-be conductors<\/span><\/h4>\n<p>[\/et_pb_text][\/et_pb_column][\/et_pb_row][\/et_pb_section][et_pb_section fb_built=&#8221;1&#8243; _builder_version=&#8221;4.18.0&#8243; _module_preset=&#8221;default&#8221; global_colors_info=&#8221;{}&#8221; locked=&#8221;off&#8221;][et_pb_row column_structure=&#8221;2_3,1_3&#8243; _builder_version=&#8221;4.18.0&#8243; _module_preset=&#8221;default&#8221; global_colors_info=&#8221;{}&#8221;][et_pb_column type=&#8221;2_3&#8243; _builder_version=&#8221;4.18.0&#8243; _module_preset=&#8221;default&#8221; global_colors_info=&#8221;{}&#8221;][et_pb_text _builder_version=&#8221;4.18.0&#8243; _module_preset=&#8221;default&#8221; custom_margin=&#8221;-44px|||||&#8221; hover_enabled=&#8221;0&#8243; global_colors_info=&#8221;{}&#8221; sticky_enabled=&#8221;0&#8243;]<script type=\"text\/javascript\" src=\"https:\/\/form.jotform.com\/jsform\/203482998880371\"><\/script>[\/et_pb_text][\/et_pb_column][et_pb_column type=&#8221;1_3&#8243; _builder_version=&#8221;4.18.0&#8243; _module_preset=&#8221;default&#8221; global_colors_info=&#8221;{}&#8221;][et_pb_image src=&#8221;https:\/\/impulzusmusic.com\/wp-content\/uploads\/2021\/02\/foto176.png&#8221; title_text=&#8221;foto176&#8243; _builder_version=&#8221;4.18.0&#8243; _module_preset=&#8221;default&#8221; custom_padding=&#8221;|10px||10px|true|true&#8221; global_colors_info=&#8221;{}&#8221; locked=&#8221;off&#8221;][\/et_pb_image][et_pb_icon font_icon=&#8221;&#xe06a;||divi||400&#8243; icon_color=&#8221;#2674d4&#8243; icon_width=&#8221;50px&#8221; _builder_version=&#8221;4.18.0&#8243; _module_preset=&#8221;default&#8221; background_color=&#8221;#FFFFFF&#8221; z_index=&#8221;4&#8243; custom_margin=&#8221;||-43px|||&#8221; border_radii=&#8221;on|288px|288px|288px|288px&#8221; border_width_all=&#8221;3px&#8221; border_color_all=&#8221;#FFFFFF&#8221; global_colors_info=&#8221;{}&#8221; locked=&#8221;off&#8221;][\/et_pb_icon][et_pb_text _builder_version=&#8221;4.18.0&#8243; _module_preset=&#8221;05c6f898-db37-4064-ad11-4784cba426af&#8221; text_font_size=&#8221;15.6px&#8221; background_color=&#8221;#EBEBEB&#8221; custom_margin=&#8221;7px|||||&#8221; custom_padding=&#8221;55px|25px|35px|27px|false|false&#8221; border_radii=&#8221;on|10px|10px|10px|10px&#8221; border_color_all=&#8221;#FFEB2A&#8221; global_colors_info=&#8221;{}&#8221; locked=&#8221;off&#8221;]<\/p>\n<p><em>I&#8217;m very at the beginning, but it was good to feel something working in the music I control.<\/em><\/p>\n<p><em>Lili Kassai-Farkas<\/em><\/p>\n<p>[\/et_pb_text][et_pb_icon font_icon=&#8221;&#xe06a;||divi||400&#8243; icon_color=&#8221;#2674d4&#8243; icon_width=&#8221;50px&#8221; _builder_version=&#8221;4.18.0&#8243; _module_preset=&#8221;default&#8221; background_color=&#8221;#FFFFFF&#8221; z_index=&#8221;4&#8243; custom_margin=&#8221;||-43px|||&#8221; border_radii=&#8221;on|288px|288px|288px|288px&#8221; border_width_all=&#8221;3px&#8221; border_color_all=&#8221;#FFFFFF&#8221; global_colors_info=&#8221;{}&#8221; locked=&#8221;off&#8221;][\/et_pb_icon][et_pb_text _builder_version=&#8221;4.18.0&#8243; _module_preset=&#8221;05c6f898-db37-4064-ad11-4784cba426af&#8221; text_font_size=&#8221;15.6px&#8221; background_color=&#8221;#EBEBEB&#8221; custom_margin=&#8221;7px|||||&#8221; custom_padding=&#8221;55px|25px|35px|25px|false|false&#8221; border_radii=&#8221;on|10px|10px|10px|10px&#8221; border_color_all=&#8221;#FFEB2A&#8221; global_colors_info=&#8221;{}&#8221; locked=&#8221;off&#8221;]<em>By the end, it was really important that I was constantly looking back at what I had learned in the previous lessons. As we moved forward, the &#8220;aha&#8221; experience came.<\/em><\/p>\n<p><em>Viki Rull <\/em>[\/et_pb_text][et_pb_icon font_icon=&#8221;&#xe06a;||divi||400&#8243; icon_color=&#8221;#2674d4&#8243; icon_width=&#8221;50px&#8221; _builder_version=&#8221;4.18.0&#8243; _module_preset=&#8221;default&#8221; background_color=&#8221;#FFFFFF&#8221; z_index=&#8221;4&#8243; custom_margin=&#8221;||-43px|||&#8221; border_radii=&#8221;on|288px|288px|288px|288px&#8221; border_width_all=&#8221;3px&#8221; border_color_all=&#8221;#FFFFFF&#8221; global_colors_info=&#8221;{}&#8221; locked=&#8221;off&#8221;][\/et_pb_icon][et_pb_text _builder_version=&#8221;4.18.0&#8243; _module_preset=&#8221;05c6f898-db37-4064-ad11-4784cba426af&#8221; text_font_size=&#8221;15.6px&#8221; background_color=&#8221;#EBEBEB&#8221; custom_margin=&#8221;7px|||||&#8221; custom_padding=&#8221;55px|25px|35px|25px|false|false&#8221; border_radii=&#8221;on|10px|10px|10px|10px&#8221; border_color_all=&#8221;#FFEB2A&#8221; global_colors_info=&#8221;{}&#8221; locked=&#8221;off&#8221;]<\/p>\n<p><em>It was a very positive experience for me to start easily and jumped into the pieces.<\/em><\/p>\n<p><em>Dorka Koknya<\/em><\/p>\n<p>[\/et_pb_text][\/et_pb_column][\/et_pb_row][\/et_pb_section][et_pb_section fb_built=&#8221;1&#8243; _builder_version=&#8221;4.18.0&#8243; _module_preset=&#8221;default&#8221; background_color=&#8221;#111111&#8243; height=&#8221;314px&#8221; custom_margin=&#8221;||-24px|||&#8221; custom_padding=&#8221;50px||0px|||&#8221; locked=&#8221;off&#8221; global_colors_info=&#8221;{}&#8221;][et_pb_row _builder_version=&#8221;4.18.0&#8243; _module_preset=&#8221;default&#8221; min_height=&#8221;184.8px&#8221; custom_margin=&#8221;|auto|-197px|auto||&#8221; custom_padding=&#8221;||0px|||&#8221; global_colors_info=&#8221;{}&#8221;][et_pb_column type=&#8221;4_4&#8243; _builder_version=&#8221;4.18.0&#8243; _module_preset=&#8221;default&#8221; global_colors_info=&#8221;{}&#8221;][et_pb_image src=&#8221;https:\/\/impulzusmusic.com\/wp-content\/uploads\/2019\/04\/logo_uj_feher.png&#8221; title_text=&#8221;logo_uj_feher&#8221; align=&#8221;center&#8221; _builder_version=&#8221;4.18.0&#8243; _module_preset=&#8221;default&#8221; height=&#8221;110px&#8221; custom_margin=&#8221;||50px|||&#8221; global_colors_info=&#8221;{}&#8221;][\/et_pb_image][et_pb_text _builder_version=&#8221;4.18.0&#8243; _module_preset=&#8221;default&#8221; text_text_color=&#8221;#6B6B6B&#8221; min_height=&#8221;3.8px&#8221; custom_margin=&#8221;10px|||||&#8221; custom_padding=&#8221;21px||18px|||&#8221; global_colors_info=&#8221;{}&#8221;]<\/p>\n<p style=\"text-align: center;\">Copyright \u00a9 2023\u00a0 \u00a0I\u00a0 \u00a0Hangkelt\u0151 Alap\u00edtv\u00e1ny<\/p>\n<p>[\/et_pb_text][\/et_pb_column][\/et_pb_row][\/et_pb_section]<\/p>\n","protected":false},"excerpt":{"rendered":"<p>Choir building and conducting For practicing and to-be conductorsI&#8217;m very at the beginning, but it was good to feel something working in the music I control. Lili Kassai-FarkasBy the end, it was really important that I was constantly looking back at what I had learned in the previous lessons. As we moved forward, the &#8220;aha&#8221; [&hellip;]<\/p>\n","protected":false},"author":3,"featured_media":0,"parent":0,"menu_order":0,"comment_status":"closed","ping_status":"closed","template":"","meta":{"_et_pb_use_builder":"on","_et_pb_old_content":"[vc_row bg_overlay=\"dark30\" css=\".vc_custom_1554996068795{padding-top: 70px !important;padding-bottom: 70px !important;background-image: url(https:\/\/impulzusmusic.com\/wp-content\/uploads\/2019\/04\/DSC_0368_keskeny.jpg?id=3284) !important;}\" el_class=\"jelentkezeslogo\"][vc_column][vc_single_image image=\"1215\" alignment=\"center\"][\/vc_column][\/vc_row][vc_row bg_color_pre=\"bg-color-accent-3\"][vc_column width=\"3\/4\"][vc_column_text]<script type=\"text\/javascript\" src=\"https:\/\/form.jotform.com\/jsform\/203482998880371\"><\/script>[\/vc_column_text][\/vc_column][vc_column width=\"1\/4\" css=\".vc_custom_1540981000226{padding-top: 70px !important;}\"][vc_single_image image=\"4760\"][vntd_testimonials style=\"simple\" cols=\"1\" cats=\"mondasok-en\" bullet_nav=\"\" autoplay_timeout=\"9000\"][vc_column_text css=\".vc_custom_1607965121845{padding-top: 50px !important;}\"]\r\n<h4 style=\"text-align: left;\">Contact<\/h4>\r\n[\/vc_column_text][vntd_icon_list elements=\"%5B%7B%22icon_fontawesome%22%3A%22fa%20fa-envelope%22%2C%22text%22%3A%22info%40impulzusmusic.com%22%7D%2C%7B%22icon_fontawesome%22%3A%22fa%20fa-phone%22%2C%22text%22%3A%22%2B36303244842%22%7D%5D\" border=\"off\"][\/vc_column][\/vc_row]","_et_gb_content_width":"","inline_featured_image":false,"footnotes":""},"class_list":["post-8011","page","type-page","status-publish","hentry"],"yoast_head":"<!-- This site is optimized with the Yoast SEO Premium plugin v27.3 (Yoast SEO v27.3) - https:\/\/yoast.com\/product\/yoast-seo-premium-wordpress\/ -->\n<title>Application for choir building and conducting - ImPulzus<\/title>\n<meta name=\"robots\" content=\"index, follow, max-snippet:-1, max-image-preview:large, max-video-preview:-1\" \/>\n<link rel=\"canonical\" href=\"https:\/\/impulzusmusic.com\/en\/application-for-choir-building-and-conducting\/\" \/>\n<meta property=\"og:locale\" content=\"en_US\" \/>\n<meta property=\"og:type\" content=\"article\" \/>\n<meta property=\"og:title\" content=\"Application for choir building and conducting\" \/>\n<meta property=\"og:url\" content=\"https:\/\/impulzusmusic.com\/en\/application-for-choir-building-and-conducting\/\" \/>\n<meta property=\"og:site_name\" content=\"ImPulzus\" \/>\n<meta property=\"article:publisher\" content=\"https:\/\/www.facebook.com\/impulzusmusic\" \/>\n<meta property=\"article:modified_time\" content=\"2023-03-09T17:42:54+00:00\" \/>\n<meta property=\"og:image\" content=\"https:\/\/impulzusmusic.com\/wp-content\/uploads\/2020\/02\/DSC_3831retu_kicsi.jpg\" \/>\n\t<meta property=\"og:image:width\" content=\"1500\" \/>\n\t<meta property=\"og:image:height\" content=\"1000\" \/>\n\t<meta property=\"og:image:type\" content=\"image\/jpeg\" \/>\n<meta name=\"twitter:card\" content=\"summary_large_image\" \/>\n<meta name=\"twitter:label1\" content=\"Est. reading time\" \/>\n\t<meta name=\"twitter:data1\" content=\"1 minute\" \/>\n<script type=\"application\/ld+json\" class=\"yoast-schema-graph\">{\"@context\":\"https:\\\/\\\/schema.org\",\"@graph\":[{\"@type\":\"WebPage\",\"@id\":\"https:\\\/\\\/impulzusmusic.com\\\/en\\\/application-for-choir-building-and-conducting\\\/\",\"url\":\"https:\\\/\\\/impulzusmusic.com\\\/en\\\/application-for-choir-building-and-conducting\\\/\",\"name\":\"Application for choir building and conducting - ImPulzus\",\"isPartOf\":{\"@id\":\"https:\\\/\\\/impulzusmusic.com\\\/en\\\/#website\"},\"datePublished\":\"2020-10-16T12:02:37+00:00\",\"dateModified\":\"2023-03-09T17:42:54+00:00\",\"breadcrumb\":{\"@id\":\"https:\\\/\\\/impulzusmusic.com\\\/en\\\/application-for-choir-building-and-conducting\\\/#breadcrumb\"},\"inLanguage\":\"en-US\",\"potentialAction\":[{\"@type\":\"ReadAction\",\"target\":[\"https:\\\/\\\/impulzusmusic.com\\\/en\\\/application-for-choir-building-and-conducting\\\/\"]}]},{\"@type\":\"BreadcrumbList\",\"@id\":\"https:\\\/\\\/impulzusmusic.com\\\/en\\\/application-for-choir-building-and-conducting\\\/#breadcrumb\",\"itemListElement\":[{\"@type\":\"ListItem\",\"position\":1,\"name\":\"Home\",\"item\":\"https:\\\/\\\/impulzusmusic.com\\\/en\\\/\"},{\"@type\":\"ListItem\",\"position\":2,\"name\":\"Application for choir building and conducting\"}]},{\"@type\":\"WebSite\",\"@id\":\"https:\\\/\\\/impulzusmusic.com\\\/en\\\/#website\",\"url\":\"https:\\\/\\\/impulzusmusic.com\\\/en\\\/\",\"name\":\"ImPulzus\",\"description\":\"Kreat\u00edv Zenei M\u0171hely\",\"publisher\":{\"@id\":\"https:\\\/\\\/impulzusmusic.com\\\/en\\\/#organization\"},\"potentialAction\":[{\"@type\":\"SearchAction\",\"target\":{\"@type\":\"EntryPoint\",\"urlTemplate\":\"https:\\\/\\\/impulzusmusic.com\\\/en\\\/?s={search_term_string}\"},\"query-input\":{\"@type\":\"PropertyValueSpecification\",\"valueRequired\":true,\"valueName\":\"search_term_string\"}}],\"inLanguage\":\"en-US\"},{\"@type\":\"Organization\",\"@id\":\"https:\\\/\\\/impulzusmusic.com\\\/en\\\/#organization\",\"name\":\"ImPulzus Kreat\u00edv Zenei M\u0171hely\",\"url\":\"https:\\\/\\\/impulzusmusic.com\\\/en\\\/\",\"logo\":{\"@type\":\"ImageObject\",\"inLanguage\":\"en-US\",\"@id\":\"https:\\\/\\\/impulzusmusic.com\\\/en\\\/#\\\/schema\\\/logo\\\/image\\\/\",\"url\":\"https:\\\/\\\/impulzusmusic.com\\\/wp-content\\\/uploads\\\/2018\\\/08\\\/logo_uj.png\",\"contentUrl\":\"https:\\\/\\\/impulzusmusic.com\\\/wp-content\\\/uploads\\\/2018\\\/08\\\/logo_uj.png\",\"width\":2316,\"height\":824,\"caption\":\"ImPulzus Kreat\u00edv Zenei M\u0171hely\"},\"image\":{\"@id\":\"https:\\\/\\\/impulzusmusic.com\\\/en\\\/#\\\/schema\\\/logo\\\/image\\\/\"},\"sameAs\":[\"https:\\\/\\\/www.facebook.com\\\/impulzusmusic\",\"https:\\\/\\\/www.instagram.com\\\/impulzusmusic\\\/\",\"https:\\\/\\\/www.linkedin.com\\\/company\\\/impulzusmusic\\\/\"]}]}<\/script>\n<!-- \/ Yoast SEO Premium plugin. -->","yoast_head_json":{"title":"Application for choir building and conducting - ImPulzus","robots":{"index":"index","follow":"follow","max-snippet":"max-snippet:-1","max-image-preview":"max-image-preview:large","max-video-preview":"max-video-preview:-1"},"canonical":"https:\/\/impulzusmusic.com\/en\/application-for-choir-building-and-conducting\/","og_locale":"en_US","og_type":"article","og_title":"Application for choir building and conducting","og_url":"https:\/\/impulzusmusic.com\/en\/application-for-choir-building-and-conducting\/","og_site_name":"ImPulzus","article_publisher":"https:\/\/www.facebook.com\/impulzusmusic","article_modified_time":"2023-03-09T17:42:54+00:00","og_image":[{"width":1500,"height":1000,"url":"https:\/\/impulzusmusic.com\/wp-content\/uploads\/2020\/02\/DSC_3831retu_kicsi.jpg","type":"image\/jpeg"}],"twitter_card":"summary_large_image","twitter_misc":{"Est. reading time":"1 minute"},"schema":{"@context":"https:\/\/schema.org","@graph":[{"@type":"WebPage","@id":"https:\/\/impulzusmusic.com\/en\/application-for-choir-building-and-conducting\/","url":"https:\/\/impulzusmusic.com\/en\/application-for-choir-building-and-conducting\/","name":"Application for choir building and conducting - ImPulzus","isPartOf":{"@id":"https:\/\/impulzusmusic.com\/en\/#website"},"datePublished":"2020-10-16T12:02:37+00:00","dateModified":"2023-03-09T17:42:54+00:00","breadcrumb":{"@id":"https:\/\/impulzusmusic.com\/en\/application-for-choir-building-and-conducting\/#breadcrumb"},"inLanguage":"en-US","potentialAction":[{"@type":"ReadAction","target":["https:\/\/impulzusmusic.com\/en\/application-for-choir-building-and-conducting\/"]}]},{"@type":"BreadcrumbList","@id":"https:\/\/impulzusmusic.com\/en\/application-for-choir-building-and-conducting\/#breadcrumb","itemListElement":[{"@type":"ListItem","position":1,"name":"Home","item":"https:\/\/impulzusmusic.com\/en\/"},{"@type":"ListItem","position":2,"name":"Application for choir building and conducting"}]},{"@type":"WebSite","@id":"https:\/\/impulzusmusic.com\/en\/#website","url":"https:\/\/impulzusmusic.com\/en\/","name":"ImPulzus","description":"Kreat\u00edv Zenei M\u0171hely","publisher":{"@id":"https:\/\/impulzusmusic.com\/en\/#organization"},"potentialAction":[{"@type":"SearchAction","target":{"@type":"EntryPoint","urlTemplate":"https:\/\/impulzusmusic.com\/en\/?s={search_term_string}"},"query-input":{"@type":"PropertyValueSpecification","valueRequired":true,"valueName":"search_term_string"}}],"inLanguage":"en-US"},{"@type":"Organization","@id":"https:\/\/impulzusmusic.com\/en\/#organization","name":"ImPulzus Kreat\u00edv Zenei M\u0171hely","url":"https:\/\/impulzusmusic.com\/en\/","logo":{"@type":"ImageObject","inLanguage":"en-US","@id":"https:\/\/impulzusmusic.com\/en\/#\/schema\/logo\/image\/","url":"https:\/\/impulzusmusic.com\/wp-content\/uploads\/2018\/08\/logo_uj.png","contentUrl":"https:\/\/impulzusmusic.com\/wp-content\/uploads\/2018\/08\/logo_uj.png","width":2316,"height":824,"caption":"ImPulzus Kreat\u00edv Zenei M\u0171hely"},"image":{"@id":"https:\/\/impulzusmusic.com\/en\/#\/schema\/logo\/image\/"},"sameAs":["https:\/\/www.facebook.com\/impulzusmusic","https:\/\/www.instagram.com\/impulzusmusic\/","https:\/\/www.linkedin.com\/company\/impulzusmusic\/"]}]}},"_links":{"self":[{"href":"https:\/\/impulzusmusic.com\/en\/wp-json\/wp\/v2\/pages\/8011","targetHints":{"allow":["GET"]}}],"collection":[{"href":"https:\/\/impulzusmusic.com\/en\/wp-json\/wp\/v2\/pages"}],"about":[{"href":"https:\/\/impulzusmusic.com\/en\/wp-json\/wp\/v2\/types\/page"}],"author":[{"embeddable":true,"href":"https:\/\/impulzusmusic.com\/en\/wp-json\/wp\/v2\/users\/3"}],"replies":[{"embeddable":true,"href":"https:\/\/impulzusmusic.com\/en\/wp-json\/wp\/v2\/comments?post=8011"}],"version-history":[{"count":0,"href":"https:\/\/impulzusmusic.com\/en\/wp-json\/wp\/v2\/pages\/8011\/revisions"}],"wp:attachment":[{"href":"https:\/\/impulzusmusic.com\/en\/wp-json\/wp\/v2\/media?parent=8011"}],"curies":[{"name":"wp","href":"https:\/\/api.w.org\/{rel}","templated":true}]}}